{"id":12780,"date":"2025-12-02T08:35:38","date_gmt":"2025-12-02T08:35:38","guid":{"rendered":"https:\/\/loustaloise-faugeres.com\/?page_id=12780"},"modified":"2025-12-02T08:35:38","modified_gmt":"2025-12-02T08:35:38","slug":"mentions-legales","status":"publish","type":"page","link":"https:\/\/loustaloise-faugeres.com\/en\/mentions-legales\/","title":{"rendered":"Legal notice"},"content":{"rendered":"<div data-elementor-type=\"wp-page\" data-elementor-id=\"12780\" class=\"elementor elementor-12780\">\n\t\t\t\t<div class=\"elementor-element elementor-element-489f1571 e-flex e-con-boxed parallax_section_no qode_elementor_container_no e-con e-parent\" data-id=\"489f1571\" data-element_type=\"container\" data-e-type=\"container\">\n\t\t\t\t\t<div class=\"e-con-inner\">\n\t\t\t\t<div class=\"elementor-element elementor-element-112a50f9 elementor-widget elementor-widget-text-editor\" data-id=\"112a50f9\" data-element_type=\"widget\" data-e-type=\"widget\" data-widget_type=\"text-editor.default\">\n\t\t\t\t\t\t\t\t\t\n<div data-id=\"320e28a7\" data-element_type=\"container\">\n<div>\n<div data-id=\"5b97c980\" data-element_type=\"widget\" data-widget_type=\"text-editor.default\">\n<h3 class=\"wp-block-heading\" style=\"background-color: #ffffff; letter-spacing: normal; transition: background 0.3s, border 0.3s, border-radius 0.3s, box-shadow 0.3s, transform 0.4s; height: 43px;\">L&rsquo;Oustaloise<\/h3>\n<p>55 av de la Gare 34600 FAUG\u00c8RES\u00a0<\/p>\n<p>T\u00e9l. : 0764080533<br \/>Courriel :\u00a0<\/p>\n<p>Directrice de la publication et de la r\u00e9daction : Alexandre FABRE\u00a0<\/p>\n<p>\u00a0<\/p>\n<h3>\u00a0<\/h3>\n<h3>Cr\u00e9ation du site<\/h3>\n<p>Elius Communication<br \/>12500 Espalion<br \/>T\u00e9l. :\u00a006 75 08 43 32<br \/>Courriel :\u00a0<a href=\"mailto:contact@elius-communication.fr\">contact@elius-communication.fr<\/a><\/p>\n<p>www.elius-communication.fr<\/p>\n<h2>\u00a0<\/h2>\n<h3>H\u00e9bergeur du site<\/h3>\n<p>OVH<br \/>2 rue Kellerman \u2013 59100 ROUBAIX<br \/><a href=\"http:\/\/www.ovh.com\/\">www.ovh.com<\/a><\/p>\n<h2>\u00a0<\/h2>\n<h3>R\u00e9utilisation de contenus<\/h3>\n<p>Le contenu est constitu\u00e9 de textes, d\u2019illustrations, de documents en t\u00e9l\u00e9chargement, regroup\u00e9s par th\u00e9matiques formant ainsi le site\u00a0<a href=\"https:\/\/loustaloise-faugeres.com\/en\/\">https:\/\/loustaloise-faugeres.com\/<\/a><\/p>\n<p>La reproduction partielle ou totale de ces contenus, dans la perspective d\u2019une quelconque publication, et notamment \u00e0 des fins commerciales, est strictement interdite, sans l\u2019accord \u00e9crit de L&rsquo;Oustaloise.<\/p>\n<h2>\u00a0<\/h2>\n<h3>Politique de liens<\/h3>\n<p>Le site\u00a0 https:\/\/loustaloise-faugeres.com\/\u00a0autorise tout site internet ou tout autre support \u00e0 le citer ou \u00e0 mettre en place un lien hypertexte pointant vers son contenu. L\u2019autorisation de mise en place d\u2019un lien est valable pour tout support, \u00e0 l\u2019exception de ceux diffusant des informations \u00e0 caract\u00e8re pol\u00e9mique, pornographique, x\u00e9nophobe, ou pouvant, dans une plus large mesure, porter atteinte \u00e0 la sensibilit\u00e9 du plus grand nombre.<\/p>\n<h2>\u00a0<\/h2>\n<h3>Sources m\u00e9dia<\/h3>\n<p>Cr\u00e9dits photos : L&rsquo;OUSTALOISE\/ Unsplash\u00a0\u00a0<\/p>\n<p>Olivier Octobre \u2013 Office du tourisme des Avant-Monts.<\/p>\n<\/div>\n<\/div>\n<\/div>\n<div data-id=\"713e074\" data-element_type=\"container\">\n<div>\n<div data-id=\"6682535\" data-element_type=\"widget\" data-widget_type=\"spacer.default\">\n<div>\n<div>\u00a0<\/div>\n<\/div>\n<\/div>\n<\/div>\n<\/div>\n\t\t\t\t\t\t\t\t<\/div>\n\t\t\t\t\t<\/div>\n\t\t\t\t<\/div>\n\t\t\t\t<\/div>","protected":false},"excerpt":{"rendered":"<p>L&rsquo;Oustaloise 55 av de la Gare 34600 FAUG\u00c8RES\u00a0 T\u00e9l. : 0764080533Courriel :\u00a0 Directrice de la publication et de la r\u00e9daction : Alexandre FABRE\u00a0 \u00a0 \u00a0 Cr\u00e9ation du site Elius Communication12500 EspalionT\u00e9l. :\u00a006 75 08 43 32Courriel :\u00a0contact@elius-communication.fr www.elius-communication.fr \u00a0 H\u00e9bergeur du site OVH2 rue Kellerman \u2013 59100 ROUBAIXwww.ovh.com \u00a0 R\u00e9utilisation de contenus Le contenu est constitu\u00e9 de textes, d\u2019illustrations, de documents en t\u00e9l\u00e9chargement, regroup\u00e9s par th\u00e9matiques formant ainsi le site\u00a0https:\/\/loustaloise-faugeres.com\/ La reproduction partielle ou totale de ces contenus, dans la perspective d\u2019une quelconque publication, et notamment \u00e0 des fins commerciales, est strictement interdite, sans l\u2019accord \u00e9crit de L&rsquo;Oustaloise. \u00a0 Politique de liens Le site\u00a0 https:\/\/loustaloise-faugeres.com\/\u00a0autorise tout site internet ou tout autre support \u00e0 le citer ou \u00e0 mettre en place un lien hypertexte pointant vers son contenu. L\u2019autorisation de mise en place d\u2019un lien est valable pour tout support, \u00e0 l\u2019exception de ceux diffusant des&#8230;<\/p>","protected":false},"author":1,"featured_media":0,"parent":0,"menu_order":0,"comment_status":"closed","ping_status":"closed","template":"","meta":{"footnotes":""},"class_list":["post-12780","page","type-page","status-publish","hentry"],"yoast_head":"<!-- This site is optimized with the Yoast SEO plugin v27.4 - https:\/\/yoast.com\/product\/yoast-seo-wordpress\/ -->\n<title>Mentions l\u00e9gales | L&#039;Oustaloise Chambres et table d&#039;h\u00f4tes \u00e0 Faug\u00e8res<\/title>\n<meta name=\"robots\" content=\"index, follow, max-snippet:-1, max-image-preview:large, max-video-preview:-1\" \/>\n<link rel=\"canonical\" href=\"https:\/\/loustaloise-faugeres.com\/en\/mentions-legales\/\" \/>\n<meta property=\"og:locale\" content=\"en_GB\" \/>\n<meta property=\"og:type\" content=\"article\" \/>\n<meta property=\"og:title\" content=\"Mentions l\u00e9gales | L&#039;Oustaloise Chambres et table d&#039;h\u00f4tes \u00e0 Faug\u00e8res\" \/>\n<meta property=\"og:description\" content=\"L&rsquo;Oustaloise 55 av de la Gare 34600 FAUG\u00c8RES\u00a0 T\u00e9l. : 0764080533Courriel :\u00a0 Directrice de la publication et de la r\u00e9daction : Alexandre FABRE\u00a0 \u00a0 \u00a0 Cr\u00e9ation du site Elius Communication12500 EspalionT\u00e9l. :\u00a006 75 08 43 32Courriel :\u00a0contact@elius-communication.fr www.elius-communication.fr \u00a0 H\u00e9bergeur du site OVH2 rue Kellerman \u2013 59100 ROUBAIXwww.ovh.com \u00a0 R\u00e9utilisation de contenus Le contenu est constitu\u00e9 de textes, d\u2019illustrations, de documents en t\u00e9l\u00e9chargement, regroup\u00e9s par th\u00e9matiques formant ainsi le site\u00a0https:\/\/loustaloise-faugeres.com\/ La reproduction partielle ou totale de ces contenus, dans la perspective d\u2019une quelconque publication, et notamment \u00e0 des fins commerciales, est strictement interdite, sans l\u2019accord \u00e9crit de L&rsquo;Oustaloise. \u00a0 Politique de liens Le site\u00a0 https:\/\/loustaloise-faugeres.com\/\u00a0autorise tout site internet ou tout autre support \u00e0 le citer ou \u00e0 mettre en place un lien hypertexte pointant vers son contenu. L\u2019autorisation de mise en place d\u2019un lien est valable pour tout support, \u00e0 l\u2019exception de ceux diffusant des...\" \/>\n<meta property=\"og:url\" content=\"https:\/\/loustaloise-faugeres.com\/en\/mentions-legales\/\" \/>\n<meta property=\"og:site_name\" content=\"L&#039;Oustaloise Chambres et table d&#039;h\u00f4tes \u00e0 Faug\u00e8res\" \/>\n<meta property=\"article:publisher\" content=\"https:\/\/www.facebook.com\/profile.php?id=100088112696177\" \/>\n<meta property=\"og:image\" content=\"https:\/\/loustaloise-faugeres.com\/wp-content\/uploads\/2025\/11\/OUSTALOISE_PHOTO_EXT_BATIMENT.webp\" \/>\n\t<meta property=\"og:image:width\" content=\"1920\" \/>\n\t<meta property=\"og:image:height\" content=\"600\" \/>\n\t<meta property=\"og:image:type\" content=\"image\/webp\" \/>\n<script type=\"application\/ld+json\" class=\"yoast-schema-graph\">{\"@context\":\"https:\\\/\\\/schema.org\",\"@graph\":[{\"@type\":\"WebPage\",\"@id\":\"https:\\\/\\\/loustaloise-faugeres.com\\\/mentions-legales\\\/\",\"url\":\"https:\\\/\\\/loustaloise-faugeres.com\\\/mentions-legales\\\/\",\"name\":\"Mentions l\u00e9gales | L&#039;Oustaloise Chambres et table d&#039;h\u00f4tes \u00e0 Faug\u00e8res\",\"isPartOf\":{\"@id\":\"https:\\\/\\\/loustaloise-faugeres.com\\\/#website\"},\"datePublished\":\"2025-12-02T08:35:38+00:00\",\"breadcrumb\":{\"@id\":\"https:\\\/\\\/loustaloise-faugeres.com\\\/mentions-legales\\\/#breadcrumb\"},\"inLanguage\":\"en-GB\",\"potentialAction\":[{\"@type\":\"ReadAction\",\"target\":[\"https:\\\/\\\/loustaloise-faugeres.com\\\/mentions-legales\\\/\"]}]},{\"@type\":\"BreadcrumbList\",\"@id\":\"https:\\\/\\\/loustaloise-faugeres.com\\\/mentions-legales\\\/#breadcrumb\",\"itemListElement\":[{\"@type\":\"ListItem\",\"position\":1,\"name\":\"Accueil\",\"item\":\"https:\\\/\\\/loustaloise-faugeres.com\\\/\"},{\"@type\":\"ListItem\",\"position\":2,\"name\":\"Mentions l\u00e9gales\"}]},{\"@type\":\"WebSite\",\"@id\":\"https:\\\/\\\/loustaloise-faugeres.com\\\/#website\",\"url\":\"https:\\\/\\\/loustaloise-faugeres.com\\\/\",\"name\":\"L'Oustaloise Chambres d'h\u00f4tes\\\/h\u00f4tel \u00e0 Faug\u00e8res pr\u00e8s de B\u00e9darieux et B\u00e9ziers\",\"description\":\"S\u00e9jour confort en Languedoc-Roussillon\",\"publisher\":{\"@id\":\"https:\\\/\\\/loustaloise-faugeres.com\\\/#organization\"},\"alternateName\":\"L'Oustaloise Location de vacances \u00e0 Faug\u00e8res\",\"potentialAction\":[{\"@type\":\"SearchAction\",\"target\":{\"@type\":\"EntryPoint\",\"urlTemplate\":\"https:\\\/\\\/loustaloise-faugeres.com\\\/?s={search_term_string}\"},\"query-input\":{\"@type\":\"PropertyValueSpecification\",\"valueRequired\":true,\"valueName\":\"search_term_string\"}}],\"inLanguage\":\"en-GB\"},{\"@type\":\"Organization\",\"@id\":\"https:\\\/\\\/loustaloise-faugeres.com\\\/#organization\",\"name\":\"L'Oustaloise Chambres d'h\u00f4tes\\\/h\u00f4tel pr\u00e8s de B\u00e9ziers et B\u00e9darieux\",\"alternateName\":\"L'Oustaloise Chambres d'h\u00f4tes\\\/h\u00f4tel \u00e0 Faug\u00e8res\",\"url\":\"https:\\\/\\\/loustaloise-faugeres.com\\\/\",\"logo\":{\"@type\":\"ImageObject\",\"inLanguage\":\"en-GB\",\"@id\":\"https:\\\/\\\/loustaloise-faugeres.com\\\/#\\\/schema\\\/logo\\\/image\\\/\",\"url\":\"https:\\\/\\\/loustaloise-faugeres.com\\\/wp-content\\\/uploads\\\/2025\\\/09\\\/LOGO_WEB.png\",\"contentUrl\":\"https:\\\/\\\/loustaloise-faugeres.com\\\/wp-content\\\/uploads\\\/2025\\\/09\\\/LOGO_WEB.png\",\"width\":1523,\"height\":842,\"caption\":\"L'Oustaloise Chambres d'h\u00f4tes\\\/h\u00f4tel pr\u00e8s de B\u00e9ziers et B\u00e9darieux\"},\"image\":{\"@id\":\"https:\\\/\\\/loustaloise-faugeres.com\\\/#\\\/schema\\\/logo\\\/image\\\/\"},\"sameAs\":[\"https:\\\/\\\/www.facebook.com\\\/profile.php?id=100088112696177\",\"https:\\\/\\\/www.instagram.com\\\/l.oustaloise\\\/\"]}]}<\/script>\n<!-- \/ Yoast SEO plugin. -->","yoast_head_json":{"title":"Mentions l\u00e9gales | L&#039;Oustaloise Chambres et table d&#039;h\u00f4tes \u00e0 Faug\u00e8res","robots":{"index":"index","follow":"follow","max-snippet":"max-snippet:-1","max-image-preview":"max-image-preview:large","max-video-preview":"max-video-preview:-1"},"canonical":"https:\/\/loustaloise-faugeres.com\/en\/mentions-legales\/","og_locale":"en_GB","og_type":"article","og_title":"Mentions l\u00e9gales | L&#039;Oustaloise Chambres et table d&#039;h\u00f4tes \u00e0 Faug\u00e8res","og_description":"L&rsquo;Oustaloise 55 av de la Gare 34600 FAUG\u00c8RES\u00a0 T\u00e9l. : 0764080533Courriel :\u00a0 Directrice de la publication et de la r\u00e9daction : Alexandre FABRE\u00a0 \u00a0 \u00a0 Cr\u00e9ation du site Elius Communication12500 EspalionT\u00e9l. :\u00a006 75 08 43 32Courriel :\u00a0contact@elius-communication.fr www.elius-communication.fr \u00a0 H\u00e9bergeur du site OVH2 rue Kellerman \u2013 59100 ROUBAIXwww.ovh.com \u00a0 R\u00e9utilisation de contenus Le contenu est constitu\u00e9 de textes, d\u2019illustrations, de documents en t\u00e9l\u00e9chargement, regroup\u00e9s par th\u00e9matiques formant ainsi le site\u00a0https:\/\/loustaloise-faugeres.com\/ La reproduction partielle ou totale de ces contenus, dans la perspective d\u2019une quelconque publication, et notamment \u00e0 des fins commerciales, est strictement interdite, sans l\u2019accord \u00e9crit de L&rsquo;Oustaloise. \u00a0 Politique de liens Le site\u00a0 https:\/\/loustaloise-faugeres.com\/\u00a0autorise tout site internet ou tout autre support \u00e0 le citer ou \u00e0 mettre en place un lien hypertexte pointant vers son contenu. L\u2019autorisation de mise en place d\u2019un lien est valable pour tout support, \u00e0 l\u2019exception de ceux diffusant des...","og_url":"https:\/\/loustaloise-faugeres.com\/en\/mentions-legales\/","og_site_name":"L&#039;Oustaloise Chambres et table d&#039;h\u00f4tes \u00e0 Faug\u00e8res","article_publisher":"https:\/\/www.facebook.com\/profile.php?id=100088112696177","og_image":[{"width":1920,"height":600,"url":"https:\/\/loustaloise-faugeres.com\/wp-content\/uploads\/2025\/11\/OUSTALOISE_PHOTO_EXT_BATIMENT.webp","type":"image\/webp"}],"schema":{"@context":"https:\/\/schema.org","@graph":[{"@type":"WebPage","@id":"https:\/\/loustaloise-faugeres.com\/mentions-legales\/","url":"https:\/\/loustaloise-faugeres.com\/mentions-legales\/","name":"Mentions l\u00e9gales | L&#039;Oustaloise Chambres et table d&#039;h\u00f4tes \u00e0 Faug\u00e8res","isPartOf":{"@id":"https:\/\/loustaloise-faugeres.com\/#website"},"datePublished":"2025-12-02T08:35:38+00:00","breadcrumb":{"@id":"https:\/\/loustaloise-faugeres.com\/mentions-legales\/#breadcrumb"},"inLanguage":"en-GB","potentialAction":[{"@type":"ReadAction","target":["https:\/\/loustaloise-faugeres.com\/mentions-legales\/"]}]},{"@type":"BreadcrumbList","@id":"https:\/\/loustaloise-faugeres.com\/mentions-legales\/#breadcrumb","itemListElement":[{"@type":"ListItem","position":1,"name":"Accueil","item":"https:\/\/loustaloise-faugeres.com\/"},{"@type":"ListItem","position":2,"name":"Mentions l\u00e9gales"}]},{"@type":"WebSite","@id":"https:\/\/loustaloise-faugeres.com\/#website","url":"https:\/\/loustaloise-faugeres.com\/","name":"L'Oustaloise Chambres d'h\u00f4tes\/h\u00f4tel \u00e0 Faug\u00e8res pr\u00e8s de B\u00e9darieux et B\u00e9ziers","description":"S\u00e9jour confort en Languedoc-Roussillon","publisher":{"@id":"https:\/\/loustaloise-faugeres.com\/#organization"},"alternateName":"L'Oustaloise Location de vacances \u00e0 Faug\u00e8res","potentialAction":[{"@type":"SearchAction","target":{"@type":"EntryPoint","urlTemplate":"https:\/\/loustaloise-faugeres.com\/?s={search_term_string}"},"query-input":{"@type":"PropertyValueSpecification","valueRequired":true,"valueName":"search_term_string"}}],"inLanguage":"en-GB"},{"@type":"Organization","@id":"https:\/\/loustaloise-faugeres.com\/#organization","name":"L'Oustaloise Chambres d'h\u00f4tes\/h\u00f4tel pr\u00e8s de B\u00e9ziers et B\u00e9darieux","alternateName":"L'Oustaloise Chambres d'h\u00f4tes\/h\u00f4tel \u00e0 Faug\u00e8res","url":"https:\/\/loustaloise-faugeres.com\/","logo":{"@type":"ImageObject","inLanguage":"en-GB","@id":"https:\/\/loustaloise-faugeres.com\/#\/schema\/logo\/image\/","url":"https:\/\/loustaloise-faugeres.com\/wp-content\/uploads\/2025\/09\/LOGO_WEB.png","contentUrl":"https:\/\/loustaloise-faugeres.com\/wp-content\/uploads\/2025\/09\/LOGO_WEB.png","width":1523,"height":842,"caption":"L'Oustaloise Chambres d'h\u00f4tes\/h\u00f4tel pr\u00e8s de B\u00e9ziers et B\u00e9darieux"},"image":{"@id":"https:\/\/loustaloise-faugeres.com\/#\/schema\/logo\/image\/"},"sameAs":["https:\/\/www.facebook.com\/profile.php?id=100088112696177","https:\/\/www.instagram.com\/l.oustaloise\/"]}]}},"_links":{"self":[{"href":"https:\/\/loustaloise-faugeres.com\/en\/wp-json\/wp\/v2\/pages\/12780","targetHints":{"allow":["GET"]}}],"collection":[{"href":"https:\/\/loustaloise-faugeres.com\/en\/wp-json\/wp\/v2\/pages"}],"about":[{"href":"https:\/\/loustaloise-faugeres.com\/en\/wp-json\/wp\/v2\/types\/page"}],"author":[{"embeddable":true,"href":"https:\/\/loustaloise-faugeres.com\/en\/wp-json\/wp\/v2\/users\/1"}],"replies":[{"embeddable":true,"href":"https:\/\/loustaloise-faugeres.com\/en\/wp-json\/wp\/v2\/comments?post=12780"}],"version-history":[{"count":1,"href":"https:\/\/loustaloise-faugeres.com\/en\/wp-json\/wp\/v2\/pages\/12780\/revisions"}],"predecessor-version":[{"id":13611,"href":"https:\/\/loustaloise-faugeres.com\/en\/wp-json\/wp\/v2\/pages\/12780\/revisions\/13611"}],"wp:attachment":[{"href":"https:\/\/loustaloise-faugeres.com\/en\/wp-json\/wp\/v2\/media?parent=12780"}],"curies":[{"name":"wp","href":"https:\/\/api.w.org\/{rel}","templated":true}]}}