{"id":12107,"date":"2025-11-13T08:37:37","date_gmt":"2025-11-13T08:37:37","guid":{"rendered":"https:\/\/loustaloise-faugeres.com\/?page_id=12107"},"modified":"2025-11-25T22:36:04","modified_gmt":"2025-11-25T22:36:04","slug":"conditions-generales","status":"publish","type":"page","link":"https:\/\/loustaloise-faugeres.com\/en\/conditions-generales\/","title":{"rendered":"Conditions g\u00e9n\u00e9rales"},"content":{"rendered":"<div data-elementor-type=\"wp-page\" data-elementor-id=\"12107\" class=\"elementor elementor-12107\">\n\t\t\t\t<div class=\"elementor-element elementor-element-489f1571 e-flex e-con-boxed parallax_section_no qode_elementor_container_no e-con e-parent\" data-id=\"489f1571\" data-element_type=\"container\" data-e-type=\"container\">\n\t\t\t\t\t<div class=\"e-con-inner\">\n\t\t\t\t<div class=\"elementor-element elementor-element-112a50f9 elementor-widget elementor-widget-text-editor\" data-id=\"112a50f9\" data-element_type=\"widget\" data-e-type=\"widget\" data-widget_type=\"text-editor.default\">\n\t\t\t\t\t\t\t\t\t\n<div data-id=\"320e28a7\" data-element_type=\"container\">\n<div>\n<div data-id=\"5b97c980\" data-element_type=\"widget\" data-widget_type=\"text-editor.default\">\n<h6 class=\"p1 wp-block-heading\"><span class=\"s1\">Article 1 \u2013 dur\u00e9e du s\u00e9jour :<\/span><\/h6>\n<p>\u00a0<\/p>\n<p class=\"p2\"><span class=\"s1\">Le client ne pourra en aucune circonstance se pr\u00e9valoir d\u2019un quelconque droit au maintien dans les lieux sans accord du propri\u00e9taire et sous r\u00e9serve de disponibilit\u00e9s.<\/span><\/p>\n<h6>\u00a0<\/h6>\n<h6 class=\"p1\"><span class=\"s1\">Article 2 \u2013 r\u00e9servation :<\/span><\/h6>\n<p>\u00a0<\/p>\n<p class=\"p2\"><span class=\"s1\">The booking becomes effective once the customer has sent the owner a deposit of 50% of the total cost of the stay, with a minimum of one night per room booked. Prices include tourist tax and breakfast.<\/span><\/p>\n<h6>\u00a0<\/h6>\n<h6 class=\"p1\"><span class=\"s1\">Article 3 \u2013 annulation par le client\u00a0:<\/span><\/h6>\n<p>\u00a0<\/p>\n<p class=\"p2\"><span class=\"s1\">Toute annulation doit \u00eatre notifi\u00e9e au propri\u00e9taire au plus t\u00f4t.<\/span><\/p>\n<p><span class=\"s1\">a)\u00a0Si l\u2019annulation intervient\u00a0plus de 7 jours avant le d\u00e9but du s\u00e9jour, l\u2019acompte sera rembours\u00e9 minor\u00e9 de 2% (frais d\u2019annulation).<\/span><\/p>\n<p><span class=\"s1\">b)\u00a0Si l\u2019annulation intervient entre 7 jours et 48 heures avant le d\u00e9but de s\u00e9jour, l\u2019acompte reste acquis au propri\u00e9taire.\u00a0<\/span><\/p>\n<p><span class=\"s1\">c)\u00a0Si l\u2019annulation intervient\u00a048 heures avant le d\u00e9but de s\u00e9jour, l\u2019acompte reste acquis au propri\u00e9taire qui se r\u00e9serve le droit de demander le paiement du solde du prix du s\u00e9jour.<\/span><\/p>\n<p><span class=\"s1\">d)\u00a0En cas de s\u00e9jour \u00e9court\u00e9, le prix correspondant au s\u00e9jour initial reste int\u00e9gralement acquis au propri\u00e9taire<\/span><\/p>\n<p>\u00a0<\/p>\n<h6 class=\"p1\"><span class=\"s1\">Article 4 \u2013 arriv\u00e9e\u00a0:<\/span><\/h6>\n<p>\u00a0<\/p>\n<p class=\"p2\"><span class=\"s1\">Le client doit se pr\u00e9senter le jour pr\u00e9cis\u00e9, entre 17h et 19h. En cas d\u2019arriv\u00e9e tardive ou diff\u00e9r\u00e9e, le client doit pr\u00e9venir le propri\u00e9taire.<\/span><\/p>\n<p>\u00a0<\/p>\n<h6 class=\"p1\"><span class=\"s1\">Article 5 \u2013 r\u00e8glement du solde\u00a0:<\/span><\/h6>\n<p>\u00a0<\/p>\n<p class=\"p2\"><span class=\"s1\">Le solde est \u00e0 r\u00e9gler le jour du d\u00e9part, ainsi que les consommations et les prestations suppl\u00e9mentaires.<\/span><\/p>\n<h6>\u00a0<\/h6>\n<h6 class=\"p1\"><span class=\"s1\">Article 6 \u2013 utilisation des lieux\u00a0:<\/span><\/h6>\n<p>\u00a0<\/p>\n<p class=\"p2\"><span class=\"s1\">Le client devra respecter le caract\u00e8re paisible des lieux et en faire un usage conforme \u00e0 leur destination. Il s\u2019engage \u00e0 rendre les chambres en bon \u00e9tat.<\/span><\/p>\n<p class=\"p2\"><span class=\"s1\">La piscine est \u00e0 usage exclusif des clients. En ce qui concerne les enfants, ils sont exclusivement sous la surveillance des parents et la responsabilit\u00e9 du propri\u00e9taire ne pourra en aucun cas \u00eatre engag\u00e9e.<\/span><\/p>\n<h6>\u00a0<\/h6>\n<h6 class=\"p1\"><span class=\"s1\">Article 7 \u2013 animaux\u00a0:<\/span><\/h6>\n<p>\u00a0<\/p>\n<p class=\"p2\"><span class=\"s1\">Les animaux de compagnie ne sont pas accept\u00e9s.<\/span><\/p>\n<h6>\u00a0<\/h6>\n<h6 class=\"p1\"><span class=\"s1\">Article 8\u00a0:<\/span><\/h6>\n<p>\u00a0<\/p>\n<p class=\"p2\"><span class=\"s1\">L\u2019int\u00e9gralit\u00e9 de la maison est non fumeur. Des cendriers sont \u00e0 disposition \u00e0 l\u2019ext\u00e9rieur de celle-ci.<\/span><\/p>\n<h6>\u00a0<\/h6>\n<h6 class=\"p1\"><span class=\"s1\">Article 9 :<\/span><\/h6>\n<p>\u00a0<\/p>\n<p class=\"p2\"><span class=\"s1\">Si un deuxi\u00e8me ou troisi\u00e8me lit est utilis\u00e9 sans que celui-ci n\u2019ait \u00e9t\u00e9 r\u00e9serv\u00e9 au pr\u00e9alable, celui-ci sera factur\u00e9 au tarif en vigueur.<\/span><\/p>\n<p class=\"p2\"><span class=\"s1\">\u00a0<\/span><\/p>\n<p class=\"p2\"><span class=\"s1\">\u00a0<\/span><\/p>\n<\/div>\n<\/div>\n<\/div>\n\t\t\t\t\t\t\t\t<\/div>\n\t\t\t\t\t<\/div>\n\t\t\t\t<\/div>\n\t\t<div class=\"elementor-element elementor-element-ece076f e-flex e-con-boxed parallax_section_no qode_elementor_container_no e-con e-parent\" data-id=\"ece076f\" data-element_type=\"container\" data-e-type=\"container\">\n\t\t\t\t\t<div class=\"e-con-inner\">\n\t\t\t\t<div class=\"elementor-element elementor-element-c209d2e elementor-widget elementor-widget-spacer\" data-id=\"c209d2e\" data-element_type=\"widget\" data-e-type=\"widget\" data-widget_type=\"spacer.default\">\n\t\t\t\t\t\t\t<div class=\"elementor-spacer\">\n\t\t\t<div class=\"elementor-spacer-inner\"><\/div>\n\t\t<\/div>\n\t\t\t\t\t\t<\/div>\n\t\t\t\t\t<\/div>\n\t\t\t\t<\/div>\n\t\t\t\t<\/div>","protected":false},"excerpt":{"rendered":"<p>Article 1 \u2013 dur\u00e9e du s\u00e9jour : \u00a0 Le client ne pourra en aucune circonstance se pr\u00e9valoir d\u2019un quelconque droit au maintien dans les lieux sans accord du propri\u00e9taire et sous r\u00e9serve de disponibilit\u00e9s. \u00a0 Article 2 \u2013 r\u00e9servation : \u00a0 La r\u00e9servation devient effective d\u00e8s lors que le client aura fait parvenir au propri\u00e9taire un acompte de 50 % du montant total du prix du s\u00e9jour avec un minimum d\u2019une nuit\u00e9e par chambre retenue. Les prix s\u2019entendent taxe de s\u00e9jour et petit-d\u00e9jeuner inclus. \u00a0 Article 3 \u2013 annulation par le client\u00a0: \u00a0 Toute annulation doit \u00eatre notifi\u00e9e au propri\u00e9taire au plus t\u00f4t. a)\u00a0Si l\u2019annulation intervient\u00a0plus de 7 jours avant le d\u00e9but du s\u00e9jour, l\u2019acompte sera rembours\u00e9 minor\u00e9 de 2% (frais d\u2019annulation). b)\u00a0Si l\u2019annulation intervient entre 7 jours et 48 heures avant le d\u00e9but de s\u00e9jour, l\u2019acompte reste acquis au propri\u00e9taire.\u00a0 c)\u00a0Si l\u2019annulation intervient\u00a048 heures&#8230;<\/p>","protected":false},"author":1,"featured_media":0,"parent":0,"menu_order":0,"comment_status":"closed","ping_status":"closed","template":"","meta":{"footnotes":""},"class_list":["post-12107","page","type-page","status-publish","hentry"],"yoast_head":"<!-- This site is optimized with the Yoast SEO plugin v27.4 - https:\/\/yoast.com\/product\/yoast-seo-wordpress\/ -->\n<title>Conditions g\u00e9n\u00e9rales | L&#039;Oustaloise Chambres et table d&#039;h\u00f4tes \u00e0 Faug\u00e8res<\/title>\n<meta name=\"robots\" content=\"index, follow, max-snippet:-1, max-image-preview:large, max-video-preview:-1\" \/>\n<link rel=\"canonical\" href=\"https:\/\/loustaloise-faugeres.com\/en\/conditions-generales\/\" \/>\n<meta property=\"og:locale\" content=\"en_GB\" \/>\n<meta property=\"og:type\" content=\"article\" \/>\n<meta property=\"og:title\" content=\"Conditions g\u00e9n\u00e9rales | L&#039;Oustaloise Chambres et table d&#039;h\u00f4tes \u00e0 Faug\u00e8res\" \/>\n<meta property=\"og:description\" content=\"Article 1 \u2013 dur\u00e9e du s\u00e9jour : \u00a0 Le client ne pourra en aucune circonstance se pr\u00e9valoir d\u2019un quelconque droit au maintien dans les lieux sans accord du propri\u00e9taire et sous r\u00e9serve de disponibilit\u00e9s. \u00a0 Article 2 \u2013 r\u00e9servation : \u00a0 La r\u00e9servation devient effective d\u00e8s lors que le client aura fait parvenir au propri\u00e9taire un acompte de 50 % du montant total du prix du s\u00e9jour avec un minimum d\u2019une nuit\u00e9e par chambre retenue. Les prix s\u2019entendent taxe de s\u00e9jour et petit-d\u00e9jeuner inclus. \u00a0 Article 3 \u2013 annulation par le client\u00a0: \u00a0 Toute annulation doit \u00eatre notifi\u00e9e au propri\u00e9taire au plus t\u00f4t. a)\u00a0Si l\u2019annulation intervient\u00a0plus de 7 jours avant le d\u00e9but du s\u00e9jour, l\u2019acompte sera rembours\u00e9 minor\u00e9 de 2% (frais d\u2019annulation). b)\u00a0Si l\u2019annulation intervient entre 7 jours et 48 heures avant le d\u00e9but de s\u00e9jour, l\u2019acompte reste acquis au propri\u00e9taire.\u00a0 c)\u00a0Si l\u2019annulation intervient\u00a048 heures...\" \/>\n<meta property=\"og:url\" content=\"https:\/\/loustaloise-faugeres.com\/en\/conditions-generales\/\" \/>\n<meta property=\"og:site_name\" content=\"L&#039;Oustaloise Chambres et table d&#039;h\u00f4tes \u00e0 Faug\u00e8res\" \/>\n<meta property=\"article:publisher\" content=\"https:\/\/www.facebook.com\/profile.php?id=100088112696177\" \/>\n<meta property=\"article:modified_time\" content=\"2025-11-25T22:36:04+00:00\" \/>\n<meta property=\"og:image\" content=\"https:\/\/loustaloise-faugeres.com\/wp-content\/uploads\/2025\/11\/OUSTALOISE_PHOTO_EXT_BATIMENT.webp\" \/>\n\t<meta property=\"og:image:width\" content=\"1920\" \/>\n\t<meta property=\"og:image:height\" content=\"600\" \/>\n\t<meta property=\"og:image:type\" content=\"image\/webp\" \/>\n<script type=\"application\/ld+json\" class=\"yoast-schema-graph\">{\"@context\":\"https:\\\/\\\/schema.org\",\"@graph\":[{\"@type\":\"WebPage\",\"@id\":\"https:\\\/\\\/loustaloise-faugeres.com\\\/conditions-generales\\\/\",\"url\":\"https:\\\/\\\/loustaloise-faugeres.com\\\/conditions-generales\\\/\",\"name\":\"Conditions g\u00e9n\u00e9rales | L&#039;Oustaloise Chambres et table d&#039;h\u00f4tes \u00e0 Faug\u00e8res\",\"isPartOf\":{\"@id\":\"https:\\\/\\\/loustaloise-faugeres.com\\\/#website\"},\"datePublished\":\"2025-11-13T08:37:37+00:00\",\"dateModified\":\"2025-11-25T22:36:04+00:00\",\"breadcrumb\":{\"@id\":\"https:\\\/\\\/loustaloise-faugeres.com\\\/conditions-generales\\\/#breadcrumb\"},\"inLanguage\":\"en-GB\",\"potentialAction\":[{\"@type\":\"ReadAction\",\"target\":[\"https:\\\/\\\/loustaloise-faugeres.com\\\/conditions-generales\\\/\"]}]},{\"@type\":\"BreadcrumbList\",\"@id\":\"https:\\\/\\\/loustaloise-faugeres.com\\\/conditions-generales\\\/#breadcrumb\",\"itemListElement\":[{\"@type\":\"ListItem\",\"position\":1,\"name\":\"Accueil\",\"item\":\"https:\\\/\\\/loustaloise-faugeres.com\\\/\"},{\"@type\":\"ListItem\",\"position\":2,\"name\":\"Conditions g\u00e9n\u00e9rales\"}]},{\"@type\":\"WebSite\",\"@id\":\"https:\\\/\\\/loustaloise-faugeres.com\\\/#website\",\"url\":\"https:\\\/\\\/loustaloise-faugeres.com\\\/\",\"name\":\"L'Oustaloise Chambres d'h\u00f4tes\\\/h\u00f4tel \u00e0 Faug\u00e8res pr\u00e8s de B\u00e9darieux et B\u00e9ziers\",\"description\":\"S\u00e9jour confort en Languedoc-Roussillon\",\"publisher\":{\"@id\":\"https:\\\/\\\/loustaloise-faugeres.com\\\/#organization\"},\"alternateName\":\"L'Oustaloise Location de vacances \u00e0 Faug\u00e8res\",\"potentialAction\":[{\"@type\":\"SearchAction\",\"target\":{\"@type\":\"EntryPoint\",\"urlTemplate\":\"https:\\\/\\\/loustaloise-faugeres.com\\\/?s={search_term_string}\"},\"query-input\":{\"@type\":\"PropertyValueSpecification\",\"valueRequired\":true,\"valueName\":\"search_term_string\"}}],\"inLanguage\":\"en-GB\"},{\"@type\":\"Organization\",\"@id\":\"https:\\\/\\\/loustaloise-faugeres.com\\\/#organization\",\"name\":\"L'Oustaloise Chambres d'h\u00f4tes\\\/h\u00f4tel pr\u00e8s de B\u00e9ziers et B\u00e9darieux\",\"alternateName\":\"L'Oustaloise Chambres d'h\u00f4tes\\\/h\u00f4tel \u00e0 Faug\u00e8res\",\"url\":\"https:\\\/\\\/loustaloise-faugeres.com\\\/\",\"logo\":{\"@type\":\"ImageObject\",\"inLanguage\":\"en-GB\",\"@id\":\"https:\\\/\\\/loustaloise-faugeres.com\\\/#\\\/schema\\\/logo\\\/image\\\/\",\"url\":\"https:\\\/\\\/loustaloise-faugeres.com\\\/wp-content\\\/uploads\\\/2025\\\/09\\\/LOGO_WEB.png\",\"contentUrl\":\"https:\\\/\\\/loustaloise-faugeres.com\\\/wp-content\\\/uploads\\\/2025\\\/09\\\/LOGO_WEB.png\",\"width\":1523,\"height\":842,\"caption\":\"L'Oustaloise Chambres d'h\u00f4tes\\\/h\u00f4tel pr\u00e8s de B\u00e9ziers et B\u00e9darieux\"},\"image\":{\"@id\":\"https:\\\/\\\/loustaloise-faugeres.com\\\/#\\\/schema\\\/logo\\\/image\\\/\"},\"sameAs\":[\"https:\\\/\\\/www.facebook.com\\\/profile.php?id=100088112696177\",\"https:\\\/\\\/www.instagram.com\\\/l.oustaloise\\\/\"]}]}<\/script>\n<!-- \/ Yoast SEO plugin. -->","yoast_head_json":{"title":"Conditions g\u00e9n\u00e9rales | L&#039;Oustaloise Chambres et table d&#039;h\u00f4tes \u00e0 Faug\u00e8res","robots":{"index":"index","follow":"follow","max-snippet":"max-snippet:-1","max-image-preview":"max-image-preview:large","max-video-preview":"max-video-preview:-1"},"canonical":"https:\/\/loustaloise-faugeres.com\/en\/conditions-generales\/","og_locale":"en_GB","og_type":"article","og_title":"Conditions g\u00e9n\u00e9rales | L&#039;Oustaloise Chambres et table d&#039;h\u00f4tes \u00e0 Faug\u00e8res","og_description":"Article 1 \u2013 dur\u00e9e du s\u00e9jour : \u00a0 Le client ne pourra en aucune circonstance se pr\u00e9valoir d\u2019un quelconque droit au maintien dans les lieux sans accord du propri\u00e9taire et sous r\u00e9serve de disponibilit\u00e9s. \u00a0 Article 2 \u2013 r\u00e9servation : \u00a0 La r\u00e9servation devient effective d\u00e8s lors que le client aura fait parvenir au propri\u00e9taire un acompte de 50 % du montant total du prix du s\u00e9jour avec un minimum d\u2019une nuit\u00e9e par chambre retenue. Les prix s\u2019entendent taxe de s\u00e9jour et petit-d\u00e9jeuner inclus. \u00a0 Article 3 \u2013 annulation par le client\u00a0: \u00a0 Toute annulation doit \u00eatre notifi\u00e9e au propri\u00e9taire au plus t\u00f4t. a)\u00a0Si l\u2019annulation intervient\u00a0plus de 7 jours avant le d\u00e9but du s\u00e9jour, l\u2019acompte sera rembours\u00e9 minor\u00e9 de 2% (frais d\u2019annulation). b)\u00a0Si l\u2019annulation intervient entre 7 jours et 48 heures avant le d\u00e9but de s\u00e9jour, l\u2019acompte reste acquis au propri\u00e9taire.\u00a0 c)\u00a0Si l\u2019annulation intervient\u00a048 heures...","og_url":"https:\/\/loustaloise-faugeres.com\/en\/conditions-generales\/","og_site_name":"L&#039;Oustaloise Chambres et table d&#039;h\u00f4tes \u00e0 Faug\u00e8res","article_publisher":"https:\/\/www.facebook.com\/profile.php?id=100088112696177","article_modified_time":"2025-11-25T22:36:04+00:00","og_image":[{"width":1920,"height":600,"url":"https:\/\/loustaloise-faugeres.com\/wp-content\/uploads\/2025\/11\/OUSTALOISE_PHOTO_EXT_BATIMENT.webp","type":"image\/webp"}],"schema":{"@context":"https:\/\/schema.org","@graph":[{"@type":"WebPage","@id":"https:\/\/loustaloise-faugeres.com\/conditions-generales\/","url":"https:\/\/loustaloise-faugeres.com\/conditions-generales\/","name":"Conditions g\u00e9n\u00e9rales | L&#039;Oustaloise Chambres et table d&#039;h\u00f4tes \u00e0 Faug\u00e8res","isPartOf":{"@id":"https:\/\/loustaloise-faugeres.com\/#website"},"datePublished":"2025-11-13T08:37:37+00:00","dateModified":"2025-11-25T22:36:04+00:00","breadcrumb":{"@id":"https:\/\/loustaloise-faugeres.com\/conditions-generales\/#breadcrumb"},"inLanguage":"en-GB","potentialAction":[{"@type":"ReadAction","target":["https:\/\/loustaloise-faugeres.com\/conditions-generales\/"]}]},{"@type":"BreadcrumbList","@id":"https:\/\/loustaloise-faugeres.com\/conditions-generales\/#breadcrumb","itemListElement":[{"@type":"ListItem","position":1,"name":"Accueil","item":"https:\/\/loustaloise-faugeres.com\/"},{"@type":"ListItem","position":2,"name":"Conditions g\u00e9n\u00e9rales"}]},{"@type":"WebSite","@id":"https:\/\/loustaloise-faugeres.com\/#website","url":"https:\/\/loustaloise-faugeres.com\/","name":"L'Oustaloise Chambres d'h\u00f4tes\/h\u00f4tel \u00e0 Faug\u00e8res pr\u00e8s de B\u00e9darieux et B\u00e9ziers","description":"S\u00e9jour confort en Languedoc-Roussillon","publisher":{"@id":"https:\/\/loustaloise-faugeres.com\/#organization"},"alternateName":"L'Oustaloise Location de vacances \u00e0 Faug\u00e8res","potentialAction":[{"@type":"SearchAction","target":{"@type":"EntryPoint","urlTemplate":"https:\/\/loustaloise-faugeres.com\/?s={search_term_string}"},"query-input":{"@type":"PropertyValueSpecification","valueRequired":true,"valueName":"search_term_string"}}],"inLanguage":"en-GB"},{"@type":"Organization","@id":"https:\/\/loustaloise-faugeres.com\/#organization","name":"L'Oustaloise Chambres d'h\u00f4tes\/h\u00f4tel pr\u00e8s de B\u00e9ziers et B\u00e9darieux","alternateName":"L'Oustaloise Chambres d'h\u00f4tes\/h\u00f4tel \u00e0 Faug\u00e8res","url":"https:\/\/loustaloise-faugeres.com\/","logo":{"@type":"ImageObject","inLanguage":"en-GB","@id":"https:\/\/loustaloise-faugeres.com\/#\/schema\/logo\/image\/","url":"https:\/\/loustaloise-faugeres.com\/wp-content\/uploads\/2025\/09\/LOGO_WEB.png","contentUrl":"https:\/\/loustaloise-faugeres.com\/wp-content\/uploads\/2025\/09\/LOGO_WEB.png","width":1523,"height":842,"caption":"L'Oustaloise Chambres d'h\u00f4tes\/h\u00f4tel pr\u00e8s de B\u00e9ziers et B\u00e9darieux"},"image":{"@id":"https:\/\/loustaloise-faugeres.com\/#\/schema\/logo\/image\/"},"sameAs":["https:\/\/www.facebook.com\/profile.php?id=100088112696177","https:\/\/www.instagram.com\/l.oustaloise\/"]}]}},"_links":{"self":[{"href":"https:\/\/loustaloise-faugeres.com\/en\/wp-json\/wp\/v2\/pages\/12107","targetHints":{"allow":["GET"]}}],"collection":[{"href":"https:\/\/loustaloise-faugeres.com\/en\/wp-json\/wp\/v2\/pages"}],"about":[{"href":"https:\/\/loustaloise-faugeres.com\/en\/wp-json\/wp\/v2\/types\/page"}],"author":[{"embeddable":true,"href":"https:\/\/loustaloise-faugeres.com\/en\/wp-json\/wp\/v2\/users\/1"}],"replies":[{"embeddable":true,"href":"https:\/\/loustaloise-faugeres.com\/en\/wp-json\/wp\/v2\/comments?post=12107"}],"version-history":[{"count":11,"href":"https:\/\/loustaloise-faugeres.com\/en\/wp-json\/wp\/v2\/pages\/12107\/revisions"}],"predecessor-version":[{"id":12787,"href":"https:\/\/loustaloise-faugeres.com\/en\/wp-json\/wp\/v2\/pages\/12107\/revisions\/12787"}],"wp:attachment":[{"href":"https:\/\/loustaloise-faugeres.com\/en\/wp-json\/wp\/v2\/media?parent=12107"}],"curies":[{"name":"wp","href":"https:\/\/api.w.org\/{rel}","templated":true}]}}