{"id":11648,"date":"2025-10-15T14:28:52","date_gmt":"2025-10-15T14:28:52","guid":{"rendered":"https:\/\/loustaloise-faugeres.com\/?page_id=11648"},"modified":"2026-02-03T09:53:58","modified_gmt":"2026-02-03T09:53:58","slug":"accueil-velos","status":"publish","type":"page","link":"https:\/\/loustaloise-faugeres.com\/en\/accueil-velos\/","title":{"rendered":"Accueil v\u00e9los"},"content":{"rendered":"<div data-elementor-type=\"wp-page\" data-elementor-id=\"11648\" class=\"elementor elementor-11648\">\n\t\t\t\t<div class=\"elementor-element elementor-element-23c3a8f e-con-full qode_elementor_container_inner e-flex parallax_section_no e-con e-parent\" data-id=\"23c3a8f\" data-element_type=\"container\" data-e-type=\"container\">\n\t\t\t\t<div class=\"elementor-element elementor-element-1c90f95 elementor-widget-tablet__width-initial elementor-widget__width-initial elementor-widget elementor-widget-text-editor\" data-id=\"1c90f95\" data-element_type=\"widget\" data-e-type=\"widget\" data-widget_type=\"text-editor.default\">\n\t\t\t\t\t\t\t\t\t<h2><span class=\"s1\">Looking for a place to stay? Welcome to L'Oustaloise, certified Accueil V\u00e9los (Bicycle Friendly) and located on the edge of the <a href=\"https:\/\/www.francevelotourisme.com\/itineraire\/la-veloccitanie\">V\u00e9loccitanie<\/a>.<\/span><\/h2><h4>\u00a0<\/h4>\t\t\t\t\t\t\t\t<\/div>\n\t\t\t\t<\/div>\n\t\t<div class=\"elementor-element elementor-element-8981d1d e-flex e-con-boxed parallax_section_no qode_elementor_container_no e-con e-parent\" data-id=\"8981d1d\" data-element_type=\"container\" data-e-type=\"container\">\n\t\t\t\t\t<div class=\"e-con-inner\">\n\t\t\t\t<div class=\"elementor-element elementor-element-b66e006 elementor-widget elementor-widget-image\" data-id=\"b66e006\" data-element_type=\"widget\" data-e-type=\"widget\" data-widget_type=\"image.default\">\n\t\t\t\t\t\t\t\t\t\t\t\t\t\t\t\t<a href=\"https:\/\/www.francevelotourisme.com\/accueil-velo\">\n\t\t\t\t\t\t\t<img fetchpriority=\"high\" decoding=\"async\" width=\"300\" height=\"300\" src=\"https:\/\/loustaloise-faugeres.com\/wp-content\/uploads\/2025\/11\/accueil-velo2-1920x1920-1-300x300.png\" class=\"attachment-medium size-medium wp-image-12391\" alt=\"Location de vacances dans l&#039;H\u00e9rault labellis\u00e9e Accueil V\u00e9lo\" srcset=\"https:\/\/loustaloise-faugeres.com\/wp-content\/uploads\/2025\/11\/accueil-velo2-1920x1920-1-300x300.png 300w, https:\/\/loustaloise-faugeres.com\/wp-content\/uploads\/2025\/11\/accueil-velo2-1920x1920-1-1024x1024.png 1024w, https:\/\/loustaloise-faugeres.com\/wp-content\/uploads\/2025\/11\/accueil-velo2-1920x1920-1-150x150.png 150w, https:\/\/loustaloise-faugeres.com\/wp-content\/uploads\/2025\/11\/accueil-velo2-1920x1920-1-768x768.png 768w, https:\/\/loustaloise-faugeres.com\/wp-content\/uploads\/2025\/11\/accueil-velo2-1920x1920-1-1536x1536.png 1536w, https:\/\/loustaloise-faugeres.com\/wp-content\/uploads\/2025\/11\/accueil-velo2-1920x1920-1-12x12.png 12w, https:\/\/loustaloise-faugeres.com\/wp-content\/uploads\/2025\/11\/accueil-velo2-1920x1920-1-570x570.png 570w, https:\/\/loustaloise-faugeres.com\/wp-content\/uploads\/2025\/11\/accueil-velo2-1920x1920-1-500x500.png 500w, https:\/\/loustaloise-faugeres.com\/wp-content\/uploads\/2025\/11\/accueil-velo2-1920x1920-1-1000x1000.png 1000w, https:\/\/loustaloise-faugeres.com\/wp-content\/uploads\/2025\/11\/accueil-velo2-1920x1920-1-700x700.png 700w, https:\/\/loustaloise-faugeres.com\/wp-content\/uploads\/2025\/11\/accueil-velo2-1920x1920-1-650x650.png 650w, https:\/\/loustaloise-faugeres.com\/wp-content\/uploads\/2025\/11\/accueil-velo2-1920x1920-1-1300x1300.png 1300w, https:\/\/loustaloise-faugeres.com\/wp-content\/uploads\/2025\/11\/accueil-velo2-1920x1920-1.png 1920w\" sizes=\"(max-width: 300px) 100vw, 300px\" \/>\t\t\t\t\t\t\t\t<\/a>\n\t\t\t\t\t\t\t\t\t\t\t\t\t\t\t<\/div>\n\t\t\t\t\t<\/div>\n\t\t\t\t<\/div>\n\t\t<div class=\"elementor-element elementor-element-dda7a5f e-flex e-con-boxed parallax_section_no qode_elementor_container_no e-con e-parent\" data-id=\"dda7a5f\" data-element_type=\"container\" data-e-type=\"container\">\n\t\t\t\t\t<div class=\"e-con-inner\">\n\t\t\t\t<div class=\"elementor-element elementor-element-16babb2 elementor-widget__width-initial elementor-widget elementor-widget-text-editor\" data-id=\"16babb2\" data-element_type=\"widget\" data-e-type=\"widget\" data-widget_type=\"text-editor.default\">\n\t\t\t\t\t\t\t\t\t<p class=\"p1\"><span class=\"s1\">L\u2019Oustaloise is the perfect place to recharge your batteries, both for you and your bicycle!<\/span><\/p><p class=\"p1\"><span class=\"s1\">Here we have everything planned to make your stay pleasant and comfortable. <\/span><\/p><p class=\"p1\"><span class=\"s1\">Take advantage of our 4 <a href=\"https:\/\/loustaloise-faugeres.com\/en\/chambres-dhotes\/\">cosy rooms<\/a> designed to ensure you enjoy a peaceful night's sleep after a day of adventure.<\/span><\/p><p class=\"p1\"><span class=\"s1\">After a day of sport, relax in our pool area, challenge your friends to a game of boules, and for added conviviality, a self-service bar awaits you with a variety of drinks.<\/span><\/p><p class=\"p1\"><span class=\"s1\">And that's not all! In the evening, share a delicious meal around our <a href=\"https:\/\/loustaloise-faugeres.com\/en\/table-dhotes\/\">table d\u2019h\u00f4tes<\/a> Alex, Head Chef, will offer you homemade dishes, prepared with local and seasonal products.<\/span><\/p><p class=\"p1\"><span class=\"s1\"> This is the perfect opportunity to share your travel stories in a friendly atmosphere.<\/span><\/p>\t\t\t\t\t\t\t\t<\/div>\n\t\t\t\t<div class=\"elementor-element elementor-element-18ee6c7 elementor-button-success elementor-align-center elementor-widget elementor-widget-button\" data-id=\"18ee6c7\" data-element_type=\"widget\" data-e-type=\"widget\" data-widget_type=\"button.default\">\n\t\t\t\t\t\t\t\t\t\t<a class=\"elementor-button elementor-button-link elementor-size-sm\" href=\"https:\/\/loustaloise-faugeres.com\/en\/table-dhotes\/\">\n\t\t\t\t\t\t<span class=\"elementor-button-content-wrapper\">\n\t\t\t\t\t\t\t\t\t<span class=\"elementor-button-text\">Menu<\/span>\n\t\t\t\t\t<\/span>\n\t\t\t\t\t<\/a>\n\t\t\t\t\t\t\t\t<\/div>\n\t\t\t\t\t<\/div>\n\t\t\t\t<\/div>\n\t\t<div class=\"elementor-element elementor-element-23eb46b e-flex e-con-boxed parallax_section_no qode_elementor_container_no e-con e-parent\" data-id=\"23eb46b\" data-element_type=\"container\" data-e-type=\"container\">\n\t\t\t\t\t<div class=\"e-con-inner\">\n\t\t\t\t<div class=\"elementor-element elementor-element-be4400c elementor-widget__width-initial elementor-widget elementor-widget-text-editor\" data-id=\"be4400c\" data-element_type=\"widget\" data-e-type=\"widget\" data-widget_type=\"text-editor.default\">\n\t\t\t\t\t\t\t\t\t<h2>Bikes are safe and sound! And motorbikes too!<\/h2>\t\t\t\t\t\t\t\t<\/div>\n\t\t\t\t\t<\/div>\n\t\t\t\t<\/div>\n\t\t<div class=\"elementor-element elementor-element-84bcb85 e-flex e-con-boxed parallax_section_no qode_elementor_container_no e-con e-parent\" data-id=\"84bcb85\" data-element_type=\"container\" data-e-type=\"container\">\n\t\t\t\t\t<div class=\"e-con-inner\">\n\t\t\t\t<div class=\"elementor-element elementor-element-167e0bd elementor-widget__width-initial elementor-widget-tablet__width-initial elementor-widget elementor-widget-text-editor\" data-id=\"167e0bd\" data-element_type=\"widget\" data-e-type=\"widget\" data-widget_type=\"text-editor.default\">\n\t\t\t\t\t\t\t\t\t<p class=\"p1\"><span class=\"s1\">What does Accueil V\u00e9los mean? <\/span><\/p><p class=\"p1\"><span class=\"s1\">We provide you with a locked, secure room equipped with electrical sockets for recharging batteries and small items of equipment to keep your bike in good working order.<\/span><\/p>\t\t\t\t\t\t\t\t<\/div>\n\t\t\t\t\t<\/div>\n\t\t\t\t<\/div>\n\t\t<div class=\"elementor-element elementor-element-9482384 e-flex e-con-boxed parallax_section_no qode_elementor_container_no e-con e-parent\" data-id=\"9482384\" data-element_type=\"container\" data-e-type=\"container\">\n\t\t\t\t\t<div class=\"e-con-inner\">\n\t\t\t\t<div class=\"elementor-element elementor-element-2b21eba elementor-widget elementor-widget-image\" data-id=\"2b21eba\" data-element_type=\"widget\" data-e-type=\"widget\" data-widget_type=\"image.default\">\n\t\t\t\t\t\t\t\t\t\t\t\t\t\t\t<img decoding=\"async\" width=\"320\" height=\"240\" src=\"https:\/\/loustaloise-faugeres.com\/wp-content\/uploads\/2024\/01\/IMG_4013.jpeg\" class=\"attachment-full size-full wp-image-11541\" alt=\"\" srcset=\"https:\/\/loustaloise-faugeres.com\/wp-content\/uploads\/2024\/01\/IMG_4013.jpeg 320w, https:\/\/loustaloise-faugeres.com\/wp-content\/uploads\/2024\/01\/IMG_4013-300x225.jpeg 300w\" sizes=\"(max-width: 320px) 100vw, 320px\" \/>\t\t\t\t\t\t\t\t\t\t\t\t\t\t\t<\/div>\n\t\t\t\t\t<\/div>\n\t\t\t\t<\/div>\n\t\t<div class=\"elementor-element elementor-element-e5dfca3 e-flex e-con-boxed parallax_section_no qode_elementor_container_no e-con e-parent\" data-id=\"e5dfca3\" data-element_type=\"container\" data-e-type=\"container\">\n\t\t\t\t\t<div class=\"e-con-inner\">\n\t\t\t\t<div class=\"elementor-element elementor-element-d41690e elementor-widget__width-initial elementor-widget elementor-widget-text-editor\" data-id=\"d41690e\" data-element_type=\"widget\" data-e-type=\"widget\" data-widget_type=\"text-editor.default\">\n\t\t\t\t\t\t\t\t\t<p class=\"p1\">\n<\/p><p class=\"p1\"><span class=\"s1\">At L'Oustaloise, we are here to make your stay unforgettable. Whether you are an experienced cyclist or an amateur, we have everything you need to make the most of your time on the V\u00e9loccitanie cycle route.<\/span><\/p>\n<p class=\"p1\"><span class=\"s1\">Book your stay at our house now and prepare to experience some memorable moments.<\/span><\/p>\n<p class=\"p1\"><span class=\"s1\">\u00c0 tr\u00e8s bient\u00f4t&nbsp;!<\/span><\/p>\t\t\t\t\t\t\t\t<\/div>\n\t\t\t\t<div class=\"elementor-element elementor-element-e789277 elementor-button-success elementor-align-center elementor-widget elementor-widget-button\" data-id=\"e789277\" data-element_type=\"widget\" data-e-type=\"widget\" data-widget_type=\"button.default\">\n\t\t\t\t\t\t\t\t\t\t<a class=\"elementor-button elementor-button-link elementor-size-sm\" href=\"https:\/\/loustaloise-faugeres.com\/en\/reserver\/\">\n\t\t\t\t\t\t<span class=\"elementor-button-content-wrapper\">\n\t\t\t\t\t\t\t\t\t<span class=\"elementor-button-text\">Booking  <\/span>\n\t\t\t\t\t<\/span>\n\t\t\t\t\t<\/a>\n\t\t\t\t\t\t\t\t<\/div>\n\t\t\t\t\t<\/div>\n\t\t\t\t<\/div>\n\t\t<div class=\"elementor-element elementor-element-e2fcbb5 e-flex e-con-boxed parallax_section_no qode_elementor_container_no e-con e-parent\" data-id=\"e2fcbb5\" data-element_type=\"container\" data-e-type=\"container\">\n\t\t\t\t\t<div class=\"e-con-inner\">\n\t\t\t\t<div class=\"elementor-element elementor-element-0fa34b9 elementor-widget__width-initial elementor-widget elementor-widget-text-editor\" data-id=\"0fa34b9\" data-element_type=\"widget\" data-e-type=\"widget\" data-widget_type=\"text-editor.default\">\n\t\t\t\t\t\t\t\t\t<h2>A loop in the heart of the village of Faug\u00e8res<\/h2>\t\t\t\t\t\t\t\t<\/div>\n\t\t\t\t\t<\/div>\n\t\t\t\t<\/div>\n\t\t<div class=\"elementor-element elementor-element-8999663 e-flex e-con-boxed parallax_section_no qode_elementor_container_no e-con e-parent\" data-id=\"8999663\" data-element_type=\"container\" data-e-type=\"container\">\n\t\t\t\t\t<div class=\"e-con-inner\">\n\t\t\t\t<div class=\"elementor-element elementor-element-f1d1fac elementor-widget__width-initial elementor-widget elementor-widget-text-editor\" data-id=\"f1d1fac\" data-element_type=\"widget\" data-e-type=\"widget\" data-widget_type=\"text-editor.default\">\n\t\t\t\t\t\t\t\t\t<p>The 25 km route takes two hours to complete and is accessible to all, allowing visitors to explore the Faug\u00e8res vineyards.&nbsp;<\/p>\n<p>Along the way, you will pass through sun-drenched hilltop villages and the mills of Faug\u00e8res, restored grain mills that still operate as they did in the past.<\/p>\n<p>Beautiful, quiet, tree-lined roads.&nbsp;<\/p>\n<p>more info <b><a href=\"https:\/\/www.herault-tourisme.com\/fr\/fiche\/itineraires-touristiques\/boucle-cyclo-n17-les-magnifiques-routes-de-faugeres-faugeres_TFOITILAR034V51PJ66\/\">here<\/a> <\/b>!&nbsp;<\/p>\n<div class=\"separator\">&nbsp;<\/div>\n<div class=\"bg-gris p-40 mb-40\">&nbsp;<\/div>\t\t\t\t\t\t\t\t<\/div>\n\t\t\t\t\t<\/div>\n\t\t\t\t<\/div>\n\t\t<div class=\"elementor-element elementor-element-613f22e e-flex e-con-boxed parallax_section_no qode_elementor_container_no e-con e-parent\" data-id=\"613f22e\" data-element_type=\"container\" data-e-type=\"container\">\n\t\t\t\t\t<div class=\"e-con-inner\">\n\t\t\t\t<div class=\"elementor-element elementor-element-9a85b2e elementor-widget elementor-widget-spacer\" data-id=\"9a85b2e\" data-element_type=\"widget\" data-e-type=\"widget\" data-widget_type=\"spacer.default\">\n\t\t\t\t\t\t\t<div class=\"elementor-spacer\">\n\t\t\t<div class=\"elementor-spacer-inner\"><\/div>\n\t\t<\/div>\n\t\t\t\t\t\t<\/div>\n\t\t\t\t\t<\/div>\n\t\t\t\t<\/div>\n\t\t\t\t<\/div>","protected":false},"excerpt":{"rendered":"<p>A la recherche d\u2019une escale ? Bienvenue \u00e0 l\u2019Oustaloise, labellis\u00e9e Accueil v\u00e9los et situ\u00e9e en bordure de la V\u00e9loccitanie. \u00a0 L&rsquo;Oustaloise est l\u2019endroit parfait pour recharger vos batteries, tant pour vous que pour votre v\u00e9lo ! Ici nous avons tout pr\u00e9vu pour rendre votre s\u00e9jour agr\u00e9able et confortable. Profitez de nos 4 chambres chaleureuses con\u00e7ues pour vous garantir une nuit paisible apr\u00e8s une journ\u00e9e d\u2019aventures. Apr\u00e8s une journ\u00e9e sportive, d\u00e9tendez-vous dans notre espace piscine, d\u00e9fiez vos amis au boulodrome et pour ajouter de la convivialit\u00e9, un bar libre-service vous attend avec ses diverses boissons. Et ce n\u2019est pas tout\u00a0! Le soir, partagez un repas savoureux autour de notre table d\u2019h\u00f4tes o\u00f9 Alex, Chef de cuisine, vous proposera des plats faits maisons, \u00e9labor\u00e9s avec des produits locaux et de saison. C\u2019est l\u2019occasion parfaite pour \u00e9changer vos r\u00e9cits de route dans une ambiance conviviale. Au menu Les&#8230;<\/p>","protected":false},"author":1,"featured_media":0,"parent":0,"menu_order":0,"comment_status":"closed","ping_status":"closed","template":"","meta":{"footnotes":""},"class_list":["post-11648","page","type-page","status-publish","hentry"],"yoast_head":"<!-- This site is optimized with the Yoast SEO plugin v27.4 - https:\/\/yoast.com\/product\/yoast-seo-wordpress\/ -->\n<title>Accueil v\u00e9los | L&#039;Oustaloise Chambres et table d&#039;h\u00f4tes \u00e0 Faug\u00e8res<\/title>\n<meta name=\"description\" content=\"Labellis\u00e9e Accueil v\u00e9los, fa\u00eetes une halte \u00e0 l&#039;Oustaloise lors de votre parcours sur la V\u00e9loccitanie, vos \u00e9quipements seront \u00e0 l&#039;abri !\" \/>\n<meta name=\"robots\" content=\"index, follow, max-snippet:-1, max-image-preview:large, max-video-preview:-1\" \/>\n<link rel=\"canonical\" href=\"https:\/\/loustaloise-faugeres.com\/en\/accueil-velos\/\" \/>\n<meta property=\"og:locale\" content=\"en_GB\" \/>\n<meta property=\"og:type\" content=\"article\" \/>\n<meta property=\"og:title\" content=\"Accueil v\u00e9los | L&#039;Oustaloise Chambres et table d&#039;h\u00f4tes \u00e0 Faug\u00e8res\" \/>\n<meta property=\"og:description\" content=\"Labellis\u00e9e Accueil v\u00e9los, fa\u00eetes une halte \u00e0 l&#039;Oustaloise lors de votre parcours sur la V\u00e9loccitanie, vos \u00e9quipements seront \u00e0 l&#039;abri !\" \/>\n<meta property=\"og:url\" content=\"https:\/\/loustaloise-faugeres.com\/en\/accueil-velos\/\" \/>\n<meta property=\"og:site_name\" content=\"L&#039;Oustaloise Chambres et table d&#039;h\u00f4tes \u00e0 Faug\u00e8res\" \/>\n<meta property=\"article:publisher\" content=\"https:\/\/www.facebook.com\/profile.php?id=100088112696177\" \/>\n<meta property=\"article:modified_time\" content=\"2026-02-03T09:53:58+00:00\" \/>\n<meta property=\"og:image\" content=\"https:\/\/loustaloise-faugeres.com\/wp-content\/uploads\/2025\/11\/accueil-velo2-1920x1920-1.png\" \/>\n\t<meta property=\"og:image:width\" content=\"1920\" \/>\n\t<meta property=\"og:image:height\" content=\"1920\" \/>\n\t<meta property=\"og:image:type\" content=\"image\/png\" \/>\n<script type=\"application\/ld+json\" class=\"yoast-schema-graph\">{\"@context\":\"https:\\\/\\\/schema.org\",\"@graph\":[{\"@type\":\"WebPage\",\"@id\":\"https:\\\/\\\/loustaloise-faugeres.com\\\/accueil-velos\\\/\",\"url\":\"https:\\\/\\\/loustaloise-faugeres.com\\\/accueil-velos\\\/\",\"name\":\"Accueil v\u00e9los | L&#039;Oustaloise Chambres et table d&#039;h\u00f4tes \u00e0 Faug\u00e8res\",\"isPartOf\":{\"@id\":\"https:\\\/\\\/loustaloise-faugeres.com\\\/#website\"},\"primaryImageOfPage\":{\"@id\":\"https:\\\/\\\/loustaloise-faugeres.com\\\/accueil-velos\\\/#primaryimage\"},\"image\":{\"@id\":\"https:\\\/\\\/loustaloise-faugeres.com\\\/accueil-velos\\\/#primaryimage\"},\"thumbnailUrl\":\"https:\\\/\\\/loustaloise-faugeres.com\\\/wp-content\\\/uploads\\\/2025\\\/11\\\/accueil-velo2-1920x1920-1-300x300.png\",\"datePublished\":\"2025-10-15T14:28:52+00:00\",\"dateModified\":\"2026-02-03T09:53:58+00:00\",\"description\":\"Labellis\u00e9e Accueil v\u00e9los, fa\u00eetes une halte \u00e0 l'Oustaloise lors de votre parcours sur la V\u00e9loccitanie, vos \u00e9quipements seront \u00e0 l'abri !\",\"breadcrumb\":{\"@id\":\"https:\\\/\\\/loustaloise-faugeres.com\\\/accueil-velos\\\/#breadcrumb\"},\"inLanguage\":\"en-GB\",\"potentialAction\":[{\"@type\":\"ReadAction\",\"target\":[\"https:\\\/\\\/loustaloise-faugeres.com\\\/accueil-velos\\\/\"]}]},{\"@type\":\"ImageObject\",\"inLanguage\":\"en-GB\",\"@id\":\"https:\\\/\\\/loustaloise-faugeres.com\\\/accueil-velos\\\/#primaryimage\",\"url\":\"https:\\\/\\\/loustaloise-faugeres.com\\\/wp-content\\\/uploads\\\/2025\\\/11\\\/accueil-velo2-1920x1920-1-300x300.png\",\"contentUrl\":\"https:\\\/\\\/loustaloise-faugeres.com\\\/wp-content\\\/uploads\\\/2025\\\/11\\\/accueil-velo2-1920x1920-1-300x300.png\"},{\"@type\":\"BreadcrumbList\",\"@id\":\"https:\\\/\\\/loustaloise-faugeres.com\\\/accueil-velos\\\/#breadcrumb\",\"itemListElement\":[{\"@type\":\"ListItem\",\"position\":1,\"name\":\"Accueil\",\"item\":\"https:\\\/\\\/loustaloise-faugeres.com\\\/\"},{\"@type\":\"ListItem\",\"position\":2,\"name\":\"Accueil v\u00e9los\"}]},{\"@type\":\"WebSite\",\"@id\":\"https:\\\/\\\/loustaloise-faugeres.com\\\/#website\",\"url\":\"https:\\\/\\\/loustaloise-faugeres.com\\\/\",\"name\":\"L'Oustaloise Chambres d'h\u00f4tes\\\/h\u00f4tel \u00e0 Faug\u00e8res pr\u00e8s de B\u00e9darieux et B\u00e9ziers\",\"description\":\"S\u00e9jour confort en Languedoc-Roussillon\",\"publisher\":{\"@id\":\"https:\\\/\\\/loustaloise-faugeres.com\\\/#organization\"},\"alternateName\":\"L'Oustaloise Location de vacances \u00e0 Faug\u00e8res\",\"potentialAction\":[{\"@type\":\"SearchAction\",\"target\":{\"@type\":\"EntryPoint\",\"urlTemplate\":\"https:\\\/\\\/loustaloise-faugeres.com\\\/?s={search_term_string}\"},\"query-input\":{\"@type\":\"PropertyValueSpecification\",\"valueRequired\":true,\"valueName\":\"search_term_string\"}}],\"inLanguage\":\"en-GB\"},{\"@type\":\"Organization\",\"@id\":\"https:\\\/\\\/loustaloise-faugeres.com\\\/#organization\",\"name\":\"L'Oustaloise Chambres d'h\u00f4tes\\\/h\u00f4tel pr\u00e8s de B\u00e9ziers et B\u00e9darieux\",\"alternateName\":\"L'Oustaloise Chambres d'h\u00f4tes\\\/h\u00f4tel \u00e0 Faug\u00e8res\",\"url\":\"https:\\\/\\\/loustaloise-faugeres.com\\\/\",\"logo\":{\"@type\":\"ImageObject\",\"inLanguage\":\"en-GB\",\"@id\":\"https:\\\/\\\/loustaloise-faugeres.com\\\/#\\\/schema\\\/logo\\\/image\\\/\",\"url\":\"https:\\\/\\\/loustaloise-faugeres.com\\\/wp-content\\\/uploads\\\/2025\\\/09\\\/LOGO_WEB.png\",\"contentUrl\":\"https:\\\/\\\/loustaloise-faugeres.com\\\/wp-content\\\/uploads\\\/2025\\\/09\\\/LOGO_WEB.png\",\"width\":1523,\"height\":842,\"caption\":\"L'Oustaloise Chambres d'h\u00f4tes\\\/h\u00f4tel pr\u00e8s de B\u00e9ziers et B\u00e9darieux\"},\"image\":{\"@id\":\"https:\\\/\\\/loustaloise-faugeres.com\\\/#\\\/schema\\\/logo\\\/image\\\/\"},\"sameAs\":[\"https:\\\/\\\/www.facebook.com\\\/profile.php?id=100088112696177\",\"https:\\\/\\\/www.instagram.com\\\/l.oustaloise\\\/\"]}]}<\/script>\n<!-- \/ Yoast SEO plugin. -->","yoast_head_json":{"title":"Accueil v\u00e9los | L&#039;Oustaloise Chambres et table d&#039;h\u00f4tes \u00e0 Faug\u00e8res","description":"Labellis\u00e9e Accueil v\u00e9los, fa\u00eetes une halte \u00e0 l'Oustaloise lors de votre parcours sur la V\u00e9loccitanie, vos \u00e9quipements seront \u00e0 l'abri !","robots":{"index":"index","follow":"follow","max-snippet":"max-snippet:-1","max-image-preview":"max-image-preview:large","max-video-preview":"max-video-preview:-1"},"canonical":"https:\/\/loustaloise-faugeres.com\/en\/accueil-velos\/","og_locale":"en_GB","og_type":"article","og_title":"Accueil v\u00e9los | L&#039;Oustaloise Chambres et table d&#039;h\u00f4tes \u00e0 Faug\u00e8res","og_description":"Labellis\u00e9e Accueil v\u00e9los, fa\u00eetes une halte \u00e0 l'Oustaloise lors de votre parcours sur la V\u00e9loccitanie, vos \u00e9quipements seront \u00e0 l'abri !","og_url":"https:\/\/loustaloise-faugeres.com\/en\/accueil-velos\/","og_site_name":"L&#039;Oustaloise Chambres et table d&#039;h\u00f4tes \u00e0 Faug\u00e8res","article_publisher":"https:\/\/www.facebook.com\/profile.php?id=100088112696177","article_modified_time":"2026-02-03T09:53:58+00:00","og_image":[{"width":1920,"height":1920,"url":"https:\/\/loustaloise-faugeres.com\/wp-content\/uploads\/2025\/11\/accueil-velo2-1920x1920-1.png","type":"image\/png"}],"schema":{"@context":"https:\/\/schema.org","@graph":[{"@type":"WebPage","@id":"https:\/\/loustaloise-faugeres.com\/accueil-velos\/","url":"https:\/\/loustaloise-faugeres.com\/accueil-velos\/","name":"Accueil v\u00e9los | L&#039;Oustaloise Chambres et table d&#039;h\u00f4tes \u00e0 Faug\u00e8res","isPartOf":{"@id":"https:\/\/loustaloise-faugeres.com\/#website"},"primaryImageOfPage":{"@id":"https:\/\/loustaloise-faugeres.com\/accueil-velos\/#primaryimage"},"image":{"@id":"https:\/\/loustaloise-faugeres.com\/accueil-velos\/#primaryimage"},"thumbnailUrl":"https:\/\/loustaloise-faugeres.com\/wp-content\/uploads\/2025\/11\/accueil-velo2-1920x1920-1-300x300.png","datePublished":"2025-10-15T14:28:52+00:00","dateModified":"2026-02-03T09:53:58+00:00","description":"Labellis\u00e9e Accueil v\u00e9los, fa\u00eetes une halte \u00e0 l'Oustaloise lors de votre parcours sur la V\u00e9loccitanie, vos \u00e9quipements seront \u00e0 l'abri !","breadcrumb":{"@id":"https:\/\/loustaloise-faugeres.com\/accueil-velos\/#breadcrumb"},"inLanguage":"en-GB","potentialAction":[{"@type":"ReadAction","target":["https:\/\/loustaloise-faugeres.com\/accueil-velos\/"]}]},{"@type":"ImageObject","inLanguage":"en-GB","@id":"https:\/\/loustaloise-faugeres.com\/accueil-velos\/#primaryimage","url":"https:\/\/loustaloise-faugeres.com\/wp-content\/uploads\/2025\/11\/accueil-velo2-1920x1920-1-300x300.png","contentUrl":"https:\/\/loustaloise-faugeres.com\/wp-content\/uploads\/2025\/11\/accueil-velo2-1920x1920-1-300x300.png"},{"@type":"BreadcrumbList","@id":"https:\/\/loustaloise-faugeres.com\/accueil-velos\/#breadcrumb","itemListElement":[{"@type":"ListItem","position":1,"name":"Accueil","item":"https:\/\/loustaloise-faugeres.com\/"},{"@type":"ListItem","position":2,"name":"Accueil v\u00e9los"}]},{"@type":"WebSite","@id":"https:\/\/loustaloise-faugeres.com\/#website","url":"https:\/\/loustaloise-faugeres.com\/","name":"L'Oustaloise Chambres d'h\u00f4tes\/h\u00f4tel \u00e0 Faug\u00e8res pr\u00e8s de B\u00e9darieux et B\u00e9ziers","description":"S\u00e9jour confort en Languedoc-Roussillon","publisher":{"@id":"https:\/\/loustaloise-faugeres.com\/#organization"},"alternateName":"L'Oustaloise Location de vacances \u00e0 Faug\u00e8res","potentialAction":[{"@type":"SearchAction","target":{"@type":"EntryPoint","urlTemplate":"https:\/\/loustaloise-faugeres.com\/?s={search_term_string}"},"query-input":{"@type":"PropertyValueSpecification","valueRequired":true,"valueName":"search_term_string"}}],"inLanguage":"en-GB"},{"@type":"Organization","@id":"https:\/\/loustaloise-faugeres.com\/#organization","name":"L'Oustaloise Chambres d'h\u00f4tes\/h\u00f4tel pr\u00e8s de B\u00e9ziers et B\u00e9darieux","alternateName":"L'Oustaloise Chambres d'h\u00f4tes\/h\u00f4tel \u00e0 Faug\u00e8res","url":"https:\/\/loustaloise-faugeres.com\/","logo":{"@type":"ImageObject","inLanguage":"en-GB","@id":"https:\/\/loustaloise-faugeres.com\/#\/schema\/logo\/image\/","url":"https:\/\/loustaloise-faugeres.com\/wp-content\/uploads\/2025\/09\/LOGO_WEB.png","contentUrl":"https:\/\/loustaloise-faugeres.com\/wp-content\/uploads\/2025\/09\/LOGO_WEB.png","width":1523,"height":842,"caption":"L'Oustaloise Chambres d'h\u00f4tes\/h\u00f4tel pr\u00e8s de B\u00e9ziers et B\u00e9darieux"},"image":{"@id":"https:\/\/loustaloise-faugeres.com\/#\/schema\/logo\/image\/"},"sameAs":["https:\/\/www.facebook.com\/profile.php?id=100088112696177","https:\/\/www.instagram.com\/l.oustaloise\/"]}]}},"_links":{"self":[{"href":"https:\/\/loustaloise-faugeres.com\/en\/wp-json\/wp\/v2\/pages\/11648","targetHints":{"allow":["GET"]}}],"collection":[{"href":"https:\/\/loustaloise-faugeres.com\/en\/wp-json\/wp\/v2\/pages"}],"about":[{"href":"https:\/\/loustaloise-faugeres.com\/en\/wp-json\/wp\/v2\/types\/page"}],"author":[{"embeddable":true,"href":"https:\/\/loustaloise-faugeres.com\/en\/wp-json\/wp\/v2\/users\/1"}],"replies":[{"embeddable":true,"href":"https:\/\/loustaloise-faugeres.com\/en\/wp-json\/wp\/v2\/comments?post=11648"}],"version-history":[{"count":212,"href":"https:\/\/loustaloise-faugeres.com\/en\/wp-json\/wp\/v2\/pages\/11648\/revisions"}],"predecessor-version":[{"id":13950,"href":"https:\/\/loustaloise-faugeres.com\/en\/wp-json\/wp\/v2\/pages\/11648\/revisions\/13950"}],"wp:attachment":[{"href":"https:\/\/loustaloise-faugeres.com\/en\/wp-json\/wp\/v2\/media?parent=11648"}],"curies":[{"name":"wp","href":"https:\/\/api.w.org\/{rel}","templated":true}]}}