{"id":11504,"date":"2023-10-02T13:37:25","date_gmt":"2023-10-02T13:37:25","guid":{"rendered":"https:\/\/bridge497.qodeinteractive.com\/?page_id=3"},"modified":"2025-11-13T08:37:49","modified_gmt":"2025-11-13T08:37:49","slug":"donnees-personnelles","status":"publish","type":"page","link":"https:\/\/loustaloise-faugeres.com\/en\/donnees-personnelles\/","title":{"rendered":"Donn\u00e9es personnelles"},"content":{"rendered":"<div data-elementor-type=\"wp-page\" data-elementor-id=\"11504\" class=\"elementor elementor-11504\">\n\t\t\t\t<div class=\"elementor-element elementor-element-489f1571 e-flex e-con-boxed parallax_section_no qode_elementor_container_no e-con e-parent\" data-id=\"489f1571\" data-element_type=\"container\" data-e-type=\"container\">\n\t\t\t\t\t<div class=\"e-con-inner\">\n\t\t\t\t<div class=\"elementor-element elementor-element-112a50f9 elementor-widget elementor-widget-text-editor\" data-id=\"112a50f9\" data-element_type=\"widget\" data-e-type=\"widget\" data-widget_type=\"text-editor.default\">\n\t\t\t\t\t\t\t\t\t\n<div data-id=\"320e28a7\" data-element_type=\"container\">\n<div data-id=\"5b97c980\" data-element_type=\"widget\" data-widget_type=\"text-editor.default\">\n<p class=\"p1\"><span class=\"s1\">Les donn\u00e9es personnelles correspondent \u00e0 toutes les informations qui permettent d\u2019identifier une personne comme son nom, son adresse postale, son adresse mail, son num\u00e9ro de t\u00e9l\u00e9phone\u2026<\/span><\/p>\n<p class=\"p2\"><span class=\"s1\"><b><i>\u00a0<\/i><\/b><\/span><\/p>\n<p><span class=\"s1\"><b><i>POURQUOI LES DONN\u00c9ES PERSONNELLES SONT-ELLES COLLECT\u00c9ES ?<\/i><\/b><\/span><\/p>\n<h6 class=\"p1 wp-block-heading\"><span class=\"s1\">\u00a0<\/span><\/h6>\n<p class=\"p1\"><span class=\"s1\">Traitements op\u00e9r\u00e9s sur le fondement l\u00e9gal de votre consentement\u00a0<\/span><\/p>\n<p class=\"p1\"><span class=\"s1\">\u00a0<\/span><\/p>\n<p class=\"p1\"><span class=\"s1\">Par le biais de notre formulaire en ligne, vous allez \u00eatre amen\u00e9 \u00e0 nous fournir des informations dont les champs obligatoires seront marqu\u00e9s d\u2019un ast\u00e9risque. Une information sur vos droits relatifs \u00e0 la loi informatique et libert\u00e9 est pr\u00e9cis\u00e9e sur chaque formulaire avec une case \u00e0 cocher.\u00a0<\/span><span class=\"s2\"><br \/><\/span><span class=\"s1\">Ce formulaire contact vous permet d\u2019adresser une demande d\u2019information \u00e0 l&rsquo;Oustaloise.<\/span><span class=\"s2\"><br \/><\/span><span class=\"s1\">Vos donn\u00e9es permettent \u00e0 l&rsquo;Oustaloise de pouvoir reprendre contact avec vous par t\u00e9l\u00e9phone ou par courrier \u00e9lectronique.<\/span><\/p>\n<p class=\"p3\"><span class=\"s1\"><b>\u00a0<\/b><\/span><\/p>\n<p><span class=\"s1\"><b><i>COMMENT SONT CONSERV\u00c9ES LES DONN\u00c9ES?<\/i><\/b><\/span><\/p>\n<p class=\"p1\"><span class=\"s1\">\u00a0<\/span><\/p>\n<p class=\"p1\"><span class=\"s1\">L&rsquo;Oustaloise s\u2019engage \u00e0 tenir la liste des traitements enregistr\u00e9s, ainsi qu\u2019\u00e0 assurer l\u2019exercice de vos droits d\u2019acc\u00e8s, de rectification et d\u2019opposition.<\/span><span class=\"s2\"><br \/><\/span><span class=\"s1\">En savoir plus :\u00a0<a href=\"https:\/\/www.cnil.fr\/fr\/correspondants-informatique-et-libertes-cil\"><span class=\"s3\">https:\/\/www.cnil.fr\/fr\/correspondants-informatique-et-libertes-cil<\/span><\/a><\/span><\/p>\n<p class=\"p4\"><span class=\"s1\">\u00a0<\/span><\/p>\n<p class=\"p1\"><span class=\"s1\">Vous pouvez effectuer votre demande \u00e9crite et sign\u00e9e \u00e0 l\u2019adresse mentionn\u00e9e ci-dessous :\u00a0\u00a0<\/span><\/p>\n<p class=\"p1\"><span class=\"s1\">l&rsquo;Oustaloise<\/span><\/p>\n<p class=\"p1\"><span class=\"s1\">55 av de la gare 34600 FAUG\u00c8RES\u00a0<br \/>ou par mail :\u00a0<\/span><\/p>\n<p class=\"p1\"><span class=\"s1\">\u00a0<\/span><\/p>\n<p class=\"p1\"><span class=\"s1\">Une pi\u00e8ce d\u2019identit\u00e9 est n\u00e9cessaire afin de vous donner acc\u00e8s aux donn\u00e9es. Une r\u00e9ponse vous sera adress\u00e9e dans un d\u00e9lai d\u2019un mois suivant la r\u00e9ception de votre demande.<\/span><\/p>\n<p class=\"p1\"><span class=\"s1\">Les donn\u00e9es sont conserv\u00e9es 3 ans \u00e0 compter de la fin de la relation ou du dernier contact. Au-del\u00e0 de cette dur\u00e9e, les donn\u00e9es seront effac\u00e9es ou anonymis\u00e9es.<\/span><\/p>\n<p class=\"p4\"><span class=\"s1\">\u00a0<\/span><\/p>\n<p><span class=\"s1\"><b><i>S\u00c9CURIT\u00c9 DE NAVIGATION<\/i><\/b><\/span><\/p>\n<p class=\"p1\"><span class=\"s1\">Lorsqu\u2019une donn\u00e9e est saisie sur le site <\/span><span class=\"s1\">https:\/\/loustaloise-faugeres.com<\/span><span class=\"s1\">, les pages sont enti\u00e8rement s\u00e9curis\u00e9es afin de crypter les donn\u00e9es. Vous pouvez facilement v\u00e9rifier cette s\u00e9curisation en regardant l\u2019adresse de la page. Un petit cadenas vous garantit la s\u00e9curisation de vos donn\u00e9es.<\/span><\/p>\n<p class=\"p4\"><span class=\"s1\">\u00a0<\/span><\/p>\n<p><span class=\"s1\"><b><i>S\u00c9CURIT\u00c9 DE STOCKAGE DES DONN\u00c9ES<\/i><\/b><\/span><\/p>\n<p class=\"p1\"><span class=\"s1\">L&rsquo;Oustaloise met en place toutes les pr\u00e9cautions n\u00e9cessaires pour pr\u00e9server la s\u00e9curit\u00e9 de vos donn\u00e9es. Le responsable du traitement des donn\u00e9es est Alexandre Fabre.\u00a0<\/span><\/p>\n<h3 class=\"p4\"><span class=\"s1\">\u00a0<\/span><\/h3>\n<p><span class=\"s1\"><b><i>TRANSMISSION DES DONN\u00c9ES<\/i><\/b><\/span><\/p>\n<p class=\"p1\"><span class=\"s1\">Aucune information personnelle de l\u2019utilisateur du site https:\/\/loustaloise-faugeres.com, \u00e0 l\u2019insu de l\u2019utilisateur ne sera \u00e9chang\u00e9e, transf\u00e9r\u00e9e, c\u00e9d\u00e9e ou vendue sur un support quelconque \u00e0 des tiers.<\/span><\/p>\n<p><span class=\"s1\">\u00a0<\/span><\/p>\n<h5><span class=\"s1\">INFORMATIONS RELATIVES AUX \u201cCOOKIES\u201d<\/span><\/h5>\n<p class=\"p4\"><span class=\"s1\">\u00a0<\/span><\/p>\n<p class=\"p1\"><span class=\"s1\"><b>Qu\u2019est ce qu\u2019un \u201ccookies\u201d ?<\/b><\/span><\/p>\n<p class=\"p1\"><span class=\"s1\">\u00a0<\/span><\/p>\n<p class=\"p1\"><span class=\"s1\">Un cookie est un petit fichier contenant diverses informations textuelles. Il est d\u00e9pos\u00e9 sur votre terminal (ordinateur, tablette, smartphone, etc.) via votre navigateur, par le site web que vous visitez.<\/span><\/p>\n<p class=\"p1\"><span class=\"s1\"><b>Les diff\u00e9rents types de cookies<\/b>\u00a0:<\/span><\/p>\n<p class=\"p1\"><span class=\"s1\">\u00a0<\/span><\/p>\n<p class=\"p1\"><span class=\"s1\">Les cookies essentiels : Ces cookies sont n\u00e9cessaires au bon fonctionnement de notre site et vous permettent d\u2019utiliser les fonctionnalit\u00e9s de base. Sans ces cookies, vous ne pourrez pas utiliser notre site de mani\u00e8re fonctionnelle.<\/span><\/p>\n<p class=\"p1\"><span class=\"s1\">\u00a0<\/span><\/p>\n<p class=\"p1\"><span class=\"s1\">Les cookies de confort : Ces cookies am\u00e8nent des fonctionnalit\u00e9s suppl\u00e9mentaires qui sont susceptibles d\u2019int\u00e9resser l\u2019internaute, sans pour autant \u00eatre indispensables au fonctionnement de base du site.<\/span><\/p>\n<p class=\"p1\"><span class=\"s1\">\u00a0<\/span><\/p>\n<p class=\"p1\"><span class=\"s1\">Les cookies analytiques : Ces cookies nous permettent de conna\u00eetre l\u2019utilisation et les performances de notre site et d\u2019en am\u00e9liorer le fonctionnement. Ils portent par exemple sur les pages les plus consult\u00e9es, les requ\u00eates faites dans notre moteur de recherche, le nombre de visites, etc.<br \/>Le site utilise le module MATOMO \u00e0 des fins de mesure d\u2019audience.<\/span><\/p>\n<p class=\"p1\"><span class=\"s1\">\u00a0<\/span><\/p>\n<p class=\"p1\"><span class=\"s1\">Les cookies publicitaires : Ces cookies collectent des informations sur vos habitudes de navigation dans le but de vous pr\u00e9senter des publicit\u00e9s adapt\u00e9es \u00e0 vos centres d\u2019int\u00e9r\u00eat. Ces cookies enregistrent votre visite sur notre site, les pages que vous avez visit\u00e9es et les liens que vous avez suivis ainsi que votre navigation en dehors de notre site. Ils sont \u00e9galement utilis\u00e9s pour limiter le nombre de fois o\u00f9 vous voyez une publicit\u00e9 ainsi que pour mesurer l\u2019efficacit\u00e9 des campagnes publicitaires. Ils sont g\u00e9n\u00e9ralement plac\u00e9s par des tiers avec notre permission.<\/span><span class=\"s2\"><br \/><\/span><span class=\"s1\">Le refus de ce type de cookie n\u2019a pas d\u2019impact sur l\u2019utilisation de notre site et n\u2019emp\u00eache pas l\u2019affichage de la publicit\u00e9 sur notre site ou sur Internet de mani\u00e8re g\u00e9n\u00e9rale.<\/span><\/p>\n<p class=\"p1\"><span class=\"s1\">\u00a0<\/span><\/p>\n<p class=\"p5\"><span class=\"s1\"><b>Cookies tiers (contenus interactifs)<\/b><\/span><\/p>\n<p class=\"p6\"><span class=\"s1\">Afin de proposer du contenu interactif, le site utilise des fonctionnalit\u00e9s propos\u00e9es par des sites tiers. Il s\u2019agit :<\/span><\/p>\n<p class=\"p6\"><span class=\"s1\">De cartes g\u00e9ographiques interactives (Google Maps)<\/span><\/p>\n<p class=\"p6\"><span class=\"s1\">Ces fonctionnalit\u00e9s utilisent des cookies tiers, directement d\u00e9pos\u00e9s par ces sites. L\u2019internaute peut d\u00e9sactiver ces cookies directement aupr\u00e8s des services tiers.<\/span><\/p>\n<p>\u00a0<\/p>\n<p class=\"p1\"><span class=\"s1\"><b>Comment accepter\/refuser l\u2019utilisation de cookies ?<\/b><\/span><\/p>\n<p class=\"p6\"><span class=\"s1\">Le d\u00e9p\u00f4t de cookies repose sur le consentement de l\u2019internaute.<\/span><\/p>\n<p class=\"p6\"><span class=\"s1\">Lors de sa premi\u00e8re visite sur notre site internet, l\u2019internaute peut accepter ou refuser le d\u00e9p\u00f4t des cookies, \u00e0 partir du bandeau d\u2019information pr\u00e9sent en bas du site.<\/span><\/p>\n<p class=\"p6\"><span class=\"s1\">Si l\u2019internaute donne son accord, les cookies seront d\u00e9pos\u00e9s pour une dur\u00e9e de 12 mois. A l\u2019expiration de ce d\u00e9lai, son consentement sera \u00e0 nouveau sollicit\u00e9 pour l\u2019utilisation de cookies.<\/span><\/p>\n<p class=\"p6\"><span class=\"s1\">S\u2019il poursuit sa navigation sur le site, l\u2019internaute est cens\u00e9 donner son accord au d\u00e9p\u00f4t de cookies, comme pr\u00e9cis\u00e9 dans le bandeau d\u2019information.<\/span><\/p>\n<p class=\"p6\"><span class=\"s1\">Si l\u2019internaute refuse ou bloque les cookies, certaines fonctionnalit\u00e9s du site ne fonctionneront pas correctement.<\/span><\/p>\n<p class=\"p6\"><span class=\"s1\">L\u2019internaute peut donner ou retirer son accord \u00e0 tout moment, en utilisant l\u2019outil \u00ab Gestion des Cookies \u00bb ci-dessous ou en modifiant les param\u00e8tres de son navigateur.<\/span><\/p>\n<p class=\"p1\"><span class=\"s1\">Puisque les param\u00e8tres sont diff\u00e9rents d\u2019un navigateur \u00e0 l\u2019autre, la configuration des Cookies s\u2019effectue habituellement dans les menus \u00ab Pr\u00e9f\u00e9rences \u00bb ou \u00ab Outils \u00bb. Pour de plus amples informations sur la configuration des Cookies dans votre navigateur, veuillez consulter le menu \u00ab Aide \u00bb de ce dernier.<\/span><\/p>\n<p class=\"p1\"><span class=\"s1\">\u00a0<\/span><\/p>\n<p class=\"p1\"><span class=\"s1\">Le param\u00e9trage est sp\u00e9cifique \u00e0 chaque navigateur :<\/span><\/p>\n<p class=\"p1\"><span class=\"s1\">\u00a0<\/span><\/p>\n<p class=\"p8\"><span class=\"s5\">POUR INTERNET EXPLORER\u2122 :<\/span><span class=\"s6\"><br \/><a href=\"https:\/\/support.microsoft.com\/fr-fr\/help\/17442\/windows-internet-explorer-delete-manage-cookies\"><span class=\"s7\">HTTPS:\/\/SUPPORT.MICROSOFT.COM\/FR-FR\/HELP\/17442\/WINDOWS-INTERNET-EXPLORER-DELETE-MANAGE-COOKIES<\/span><\/a><\/span><\/p>\n<p class=\"p8\"><span class=\"s5\">POUR FIREFOX\u2122 :<\/span><span class=\"s6\"><br \/><a href=\"https:\/\/support.mozilla.org\/fr\/kb\/activer-desactiver-cookies-preferences\"><span class=\"s7\">HTTPS:\/\/SUPPORT.MOZILLA.ORG\/FR\/KB\/ACTIVER-DESACTIVER-COOKIES-PREFERENCES<\/span><\/a><\/span><\/p>\n<p class=\"p8\"><span class=\"s5\">POUR CHROME\u2122 :<\/span><span class=\"s6\"><br \/><a href=\"https:\/\/support.google.com\/chrome\/answer\/95647\"><span class=\"s7\">HTTPS:\/\/SUPPORT.GOOGLE.COM\/CHROME\/ANSWER\/95647<\/span><\/a><\/span><\/p>\n<p class=\"p8\"><span class=\"s5\">POUR SAFARI\u2122 :<\/span><span class=\"s6\"><br \/><a href=\"https:\/\/support.apple.com\/fr-fr\/HT201265\"><span class=\"s7\">HTTPS:\/\/SUPPORT.APPLE.COM\/FR-FR\/HT201265<\/span><\/a><\/span><\/p>\n<p class=\"p8\"><span class=\"s5\">POUR OPERA\u2122 :<\/span><span class=\"s6\"><br \/><a href=\"https:\/\/help.opera.com\/en\/latest\/web-preferences\"><span class=\"s7\">HTTPS:\/\/HELP.OPERA.COM\/EN\/LATEST\/WEB-PREFERENCES<\/span><\/a><\/span><\/p>\n<\/div>\n<\/div>\n\t\t\t\t\t\t\t\t<\/div>\n\t\t\t\t\t<\/div>\n\t\t\t\t<\/div>\n\t\t<div class=\"elementor-element elementor-element-6f6464d e-flex e-con-boxed parallax_section_no qode_elementor_container_no e-con e-parent\" data-id=\"6f6464d\" data-element_type=\"container\" data-e-type=\"container\">\n\t\t\t\t\t<div class=\"e-con-inner\">\n\t\t\t\t<div class=\"elementor-element elementor-element-f0b9535 elementor-widget elementor-widget-spacer\" data-id=\"f0b9535\" data-element_type=\"widget\" data-e-type=\"widget\" data-widget_type=\"spacer.default\">\n\t\t\t\t\t\t\t<div class=\"elementor-spacer\">\n\t\t\t<div class=\"elementor-spacer-inner\"><\/div>\n\t\t<\/div>\n\t\t\t\t\t\t<\/div>\n\t\t\t\t\t<\/div>\n\t\t\t\t<\/div>\n\t\t\t\t<\/div>","protected":false},"excerpt":{"rendered":"<p>Les donn\u00e9es personnelles correspondent \u00e0 toutes les informations qui permettent d\u2019identifier une personne comme son nom, son adresse postale, son adresse mail, son num\u00e9ro de t\u00e9l\u00e9phone\u2026 \u00a0 POURQUOI LES DONN\u00c9ES PERSONNELLES SONT-ELLES COLLECT\u00c9ES ? \u00a0 Traitements op\u00e9r\u00e9s sur le fondement l\u00e9gal de votre consentement\u00a0 \u00a0 Par le biais de notre formulaire en ligne, vous allez \u00eatre amen\u00e9 \u00e0 nous fournir des informations dont les champs obligatoires seront marqu\u00e9s d\u2019un ast\u00e9risque. Une information sur vos droits relatifs \u00e0 la loi informatique et libert\u00e9 est pr\u00e9cis\u00e9e sur chaque formulaire avec une case \u00e0 cocher.\u00a0Ce formulaire contact vous permet d\u2019adresser une demande d\u2019information \u00e0 l&rsquo;Oustaloise.Vos donn\u00e9es permettent \u00e0 l&rsquo;Oustaloise de pouvoir reprendre contact avec vous par t\u00e9l\u00e9phone ou par courrier \u00e9lectronique. \u00a0 COMMENT SONT CONSERV\u00c9ES LES DONN\u00c9ES? \u00a0 L&rsquo;Oustaloise s\u2019engage \u00e0 tenir la liste des traitements enregistr\u00e9s, ainsi qu\u2019\u00e0 assurer l\u2019exercice de vos droits d\u2019acc\u00e8s, de rectification et&#8230;<\/p>","protected":false},"author":1,"featured_media":0,"parent":0,"menu_order":0,"comment_status":"closed","ping_status":"closed","template":"","meta":{"footnotes":""},"class_list":["post-11504","page","type-page","status-publish","hentry"],"yoast_head":"<!-- This site is optimized with the Yoast SEO plugin v27.4 - https:\/\/yoast.com\/product\/yoast-seo-wordpress\/ -->\n<title>Donn\u00e9es personnelles | L&#039;Oustaloise Chambres et table d&#039;h\u00f4tes \u00e0 Faug\u00e8res<\/title>\n<meta name=\"robots\" content=\"index, follow, max-snippet:-1, max-image-preview:large, max-video-preview:-1\" \/>\n<link rel=\"canonical\" href=\"https:\/\/loustaloise-faugeres.com\/en\/donnees-personnelles\/\" \/>\n<meta property=\"og:locale\" content=\"en_GB\" \/>\n<meta property=\"og:type\" content=\"article\" \/>\n<meta property=\"og:title\" content=\"Donn\u00e9es personnelles | L&#039;Oustaloise Chambres et table d&#039;h\u00f4tes \u00e0 Faug\u00e8res\" \/>\n<meta property=\"og:description\" content=\"Les donn\u00e9es personnelles correspondent \u00e0 toutes les informations qui permettent d\u2019identifier une personne comme son nom, son adresse postale, son adresse mail, son num\u00e9ro de t\u00e9l\u00e9phone\u2026 \u00a0 POURQUOI LES DONN\u00c9ES PERSONNELLES SONT-ELLES COLLECT\u00c9ES ? \u00a0 Traitements op\u00e9r\u00e9s sur le fondement l\u00e9gal de votre consentement\u00a0 \u00a0 Par le biais de notre formulaire en ligne, vous allez \u00eatre amen\u00e9 \u00e0 nous fournir des informations dont les champs obligatoires seront marqu\u00e9s d\u2019un ast\u00e9risque. Une information sur vos droits relatifs \u00e0 la loi informatique et libert\u00e9 est pr\u00e9cis\u00e9e sur chaque formulaire avec une case \u00e0 cocher.\u00a0Ce formulaire contact vous permet d\u2019adresser une demande d\u2019information \u00e0 l&rsquo;Oustaloise.Vos donn\u00e9es permettent \u00e0 l&rsquo;Oustaloise de pouvoir reprendre contact avec vous par t\u00e9l\u00e9phone ou par courrier \u00e9lectronique. \u00a0 COMMENT SONT CONSERV\u00c9ES LES DONN\u00c9ES? \u00a0 L&rsquo;Oustaloise s\u2019engage \u00e0 tenir la liste des traitements enregistr\u00e9s, ainsi qu\u2019\u00e0 assurer l\u2019exercice de vos droits d\u2019acc\u00e8s, de rectification et...\" \/>\n<meta property=\"og:url\" content=\"https:\/\/loustaloise-faugeres.com\/en\/donnees-personnelles\/\" \/>\n<meta property=\"og:site_name\" content=\"L&#039;Oustaloise Chambres et table d&#039;h\u00f4tes \u00e0 Faug\u00e8res\" \/>\n<meta property=\"article:publisher\" content=\"https:\/\/www.facebook.com\/profile.php?id=100088112696177\" \/>\n<meta property=\"article:modified_time\" content=\"2025-11-13T08:37:49+00:00\" \/>\n<meta property=\"og:image\" content=\"https:\/\/loustaloise-faugeres.com\/wp-content\/uploads\/2025\/11\/OUSTALOISE_PHOTO_EXT_BATIMENT.webp\" \/>\n\t<meta property=\"og:image:width\" content=\"1920\" \/>\n\t<meta property=\"og:image:height\" content=\"600\" \/>\n\t<meta property=\"og:image:type\" content=\"image\/webp\" \/>\n<script type=\"application\/ld+json\" class=\"yoast-schema-graph\">{\"@context\":\"https:\\\/\\\/schema.org\",\"@graph\":[{\"@type\":\"WebPage\",\"@id\":\"https:\\\/\\\/loustaloise-faugeres.com\\\/donnees-personnelles\\\/\",\"url\":\"https:\\\/\\\/loustaloise-faugeres.com\\\/donnees-personnelles\\\/\",\"name\":\"Donn\u00e9es personnelles | L&#039;Oustaloise Chambres et table d&#039;h\u00f4tes \u00e0 Faug\u00e8res\",\"isPartOf\":{\"@id\":\"https:\\\/\\\/loustaloise-faugeres.com\\\/#website\"},\"datePublished\":\"2023-10-02T13:37:25+00:00\",\"dateModified\":\"2025-11-13T08:37:49+00:00\",\"breadcrumb\":{\"@id\":\"https:\\\/\\\/loustaloise-faugeres.com\\\/donnees-personnelles\\\/#breadcrumb\"},\"inLanguage\":\"en-GB\",\"potentialAction\":[{\"@type\":\"ReadAction\",\"target\":[\"https:\\\/\\\/loustaloise-faugeres.com\\\/donnees-personnelles\\\/\"]}]},{\"@type\":\"BreadcrumbList\",\"@id\":\"https:\\\/\\\/loustaloise-faugeres.com\\\/donnees-personnelles\\\/#breadcrumb\",\"itemListElement\":[{\"@type\":\"ListItem\",\"position\":1,\"name\":\"Accueil\",\"item\":\"https:\\\/\\\/loustaloise-faugeres.com\\\/\"},{\"@type\":\"ListItem\",\"position\":2,\"name\":\"Donn\u00e9es personnelles\"}]},{\"@type\":\"WebSite\",\"@id\":\"https:\\\/\\\/loustaloise-faugeres.com\\\/#website\",\"url\":\"https:\\\/\\\/loustaloise-faugeres.com\\\/\",\"name\":\"L'Oustaloise Chambres d'h\u00f4tes\\\/h\u00f4tel \u00e0 Faug\u00e8res pr\u00e8s de B\u00e9darieux et B\u00e9ziers\",\"description\":\"S\u00e9jour confort en Languedoc-Roussillon\",\"publisher\":{\"@id\":\"https:\\\/\\\/loustaloise-faugeres.com\\\/#organization\"},\"alternateName\":\"L'Oustaloise Location de vacances \u00e0 Faug\u00e8res\",\"potentialAction\":[{\"@type\":\"SearchAction\",\"target\":{\"@type\":\"EntryPoint\",\"urlTemplate\":\"https:\\\/\\\/loustaloise-faugeres.com\\\/?s={search_term_string}\"},\"query-input\":{\"@type\":\"PropertyValueSpecification\",\"valueRequired\":true,\"valueName\":\"search_term_string\"}}],\"inLanguage\":\"en-GB\"},{\"@type\":\"Organization\",\"@id\":\"https:\\\/\\\/loustaloise-faugeres.com\\\/#organization\",\"name\":\"L'Oustaloise Chambres d'h\u00f4tes\\\/h\u00f4tel pr\u00e8s de B\u00e9ziers et B\u00e9darieux\",\"alternateName\":\"L'Oustaloise Chambres d'h\u00f4tes\\\/h\u00f4tel \u00e0 Faug\u00e8res\",\"url\":\"https:\\\/\\\/loustaloise-faugeres.com\\\/\",\"logo\":{\"@type\":\"ImageObject\",\"inLanguage\":\"en-GB\",\"@id\":\"https:\\\/\\\/loustaloise-faugeres.com\\\/#\\\/schema\\\/logo\\\/image\\\/\",\"url\":\"https:\\\/\\\/loustaloise-faugeres.com\\\/wp-content\\\/uploads\\\/2025\\\/09\\\/LOGO_WEB.png\",\"contentUrl\":\"https:\\\/\\\/loustaloise-faugeres.com\\\/wp-content\\\/uploads\\\/2025\\\/09\\\/LOGO_WEB.png\",\"width\":1523,\"height\":842,\"caption\":\"L'Oustaloise Chambres d'h\u00f4tes\\\/h\u00f4tel pr\u00e8s de B\u00e9ziers et B\u00e9darieux\"},\"image\":{\"@id\":\"https:\\\/\\\/loustaloise-faugeres.com\\\/#\\\/schema\\\/logo\\\/image\\\/\"},\"sameAs\":[\"https:\\\/\\\/www.facebook.com\\\/profile.php?id=100088112696177\",\"https:\\\/\\\/www.instagram.com\\\/l.oustaloise\\\/\"]}]}<\/script>\n<!-- \/ Yoast SEO plugin. -->","yoast_head_json":{"title":"Donn\u00e9es personnelles | L&#039;Oustaloise Chambres et table d&#039;h\u00f4tes \u00e0 Faug\u00e8res","robots":{"index":"index","follow":"follow","max-snippet":"max-snippet:-1","max-image-preview":"max-image-preview:large","max-video-preview":"max-video-preview:-1"},"canonical":"https:\/\/loustaloise-faugeres.com\/en\/donnees-personnelles\/","og_locale":"en_GB","og_type":"article","og_title":"Donn\u00e9es personnelles | L&#039;Oustaloise Chambres et table d&#039;h\u00f4tes \u00e0 Faug\u00e8res","og_description":"Les donn\u00e9es personnelles correspondent \u00e0 toutes les informations qui permettent d\u2019identifier une personne comme son nom, son adresse postale, son adresse mail, son num\u00e9ro de t\u00e9l\u00e9phone\u2026 \u00a0 POURQUOI LES DONN\u00c9ES PERSONNELLES SONT-ELLES COLLECT\u00c9ES ? \u00a0 Traitements op\u00e9r\u00e9s sur le fondement l\u00e9gal de votre consentement\u00a0 \u00a0 Par le biais de notre formulaire en ligne, vous allez \u00eatre amen\u00e9 \u00e0 nous fournir des informations dont les champs obligatoires seront marqu\u00e9s d\u2019un ast\u00e9risque. Une information sur vos droits relatifs \u00e0 la loi informatique et libert\u00e9 est pr\u00e9cis\u00e9e sur chaque formulaire avec une case \u00e0 cocher.\u00a0Ce formulaire contact vous permet d\u2019adresser une demande d\u2019information \u00e0 l&rsquo;Oustaloise.Vos donn\u00e9es permettent \u00e0 l&rsquo;Oustaloise de pouvoir reprendre contact avec vous par t\u00e9l\u00e9phone ou par courrier \u00e9lectronique. \u00a0 COMMENT SONT CONSERV\u00c9ES LES DONN\u00c9ES? \u00a0 L&rsquo;Oustaloise s\u2019engage \u00e0 tenir la liste des traitements enregistr\u00e9s, ainsi qu\u2019\u00e0 assurer l\u2019exercice de vos droits d\u2019acc\u00e8s, de rectification et...","og_url":"https:\/\/loustaloise-faugeres.com\/en\/donnees-personnelles\/","og_site_name":"L&#039;Oustaloise Chambres et table d&#039;h\u00f4tes \u00e0 Faug\u00e8res","article_publisher":"https:\/\/www.facebook.com\/profile.php?id=100088112696177","article_modified_time":"2025-11-13T08:37:49+00:00","og_image":[{"width":1920,"height":600,"url":"https:\/\/loustaloise-faugeres.com\/wp-content\/uploads\/2025\/11\/OUSTALOISE_PHOTO_EXT_BATIMENT.webp","type":"image\/webp"}],"schema":{"@context":"https:\/\/schema.org","@graph":[{"@type":"WebPage","@id":"https:\/\/loustaloise-faugeres.com\/donnees-personnelles\/","url":"https:\/\/loustaloise-faugeres.com\/donnees-personnelles\/","name":"Donn\u00e9es personnelles | L&#039;Oustaloise Chambres et table d&#039;h\u00f4tes \u00e0 Faug\u00e8res","isPartOf":{"@id":"https:\/\/loustaloise-faugeres.com\/#website"},"datePublished":"2023-10-02T13:37:25+00:00","dateModified":"2025-11-13T08:37:49+00:00","breadcrumb":{"@id":"https:\/\/loustaloise-faugeres.com\/donnees-personnelles\/#breadcrumb"},"inLanguage":"en-GB","potentialAction":[{"@type":"ReadAction","target":["https:\/\/loustaloise-faugeres.com\/donnees-personnelles\/"]}]},{"@type":"BreadcrumbList","@id":"https:\/\/loustaloise-faugeres.com\/donnees-personnelles\/#breadcrumb","itemListElement":[{"@type":"ListItem","position":1,"name":"Accueil","item":"https:\/\/loustaloise-faugeres.com\/"},{"@type":"ListItem","position":2,"name":"Donn\u00e9es personnelles"}]},{"@type":"WebSite","@id":"https:\/\/loustaloise-faugeres.com\/#website","url":"https:\/\/loustaloise-faugeres.com\/","name":"L'Oustaloise Chambres d'h\u00f4tes\/h\u00f4tel \u00e0 Faug\u00e8res pr\u00e8s de B\u00e9darieux et B\u00e9ziers","description":"S\u00e9jour confort en Languedoc-Roussillon","publisher":{"@id":"https:\/\/loustaloise-faugeres.com\/#organization"},"alternateName":"L'Oustaloise Location de vacances \u00e0 Faug\u00e8res","potentialAction":[{"@type":"SearchAction","target":{"@type":"EntryPoint","urlTemplate":"https:\/\/loustaloise-faugeres.com\/?s={search_term_string}"},"query-input":{"@type":"PropertyValueSpecification","valueRequired":true,"valueName":"search_term_string"}}],"inLanguage":"en-GB"},{"@type":"Organization","@id":"https:\/\/loustaloise-faugeres.com\/#organization","name":"L'Oustaloise Chambres d'h\u00f4tes\/h\u00f4tel pr\u00e8s de B\u00e9ziers et B\u00e9darieux","alternateName":"L'Oustaloise Chambres d'h\u00f4tes\/h\u00f4tel \u00e0 Faug\u00e8res","url":"https:\/\/loustaloise-faugeres.com\/","logo":{"@type":"ImageObject","inLanguage":"en-GB","@id":"https:\/\/loustaloise-faugeres.com\/#\/schema\/logo\/image\/","url":"https:\/\/loustaloise-faugeres.com\/wp-content\/uploads\/2025\/09\/LOGO_WEB.png","contentUrl":"https:\/\/loustaloise-faugeres.com\/wp-content\/uploads\/2025\/09\/LOGO_WEB.png","width":1523,"height":842,"caption":"L'Oustaloise Chambres d'h\u00f4tes\/h\u00f4tel pr\u00e8s de B\u00e9ziers et B\u00e9darieux"},"image":{"@id":"https:\/\/loustaloise-faugeres.com\/#\/schema\/logo\/image\/"},"sameAs":["https:\/\/www.facebook.com\/profile.php?id=100088112696177","https:\/\/www.instagram.com\/l.oustaloise\/"]}]}},"_links":{"self":[{"href":"https:\/\/loustaloise-faugeres.com\/en\/wp-json\/wp\/v2\/pages\/11504","targetHints":{"allow":["GET"]}}],"collection":[{"href":"https:\/\/loustaloise-faugeres.com\/en\/wp-json\/wp\/v2\/pages"}],"about":[{"href":"https:\/\/loustaloise-faugeres.com\/en\/wp-json\/wp\/v2\/types\/page"}],"author":[{"embeddable":true,"href":"https:\/\/loustaloise-faugeres.com\/en\/wp-json\/wp\/v2\/users\/1"}],"replies":[{"embeddable":true,"href":"https:\/\/loustaloise-faugeres.com\/en\/wp-json\/wp\/v2\/comments?post=11504"}],"version-history":[{"count":11,"href":"https:\/\/loustaloise-faugeres.com\/en\/wp-json\/wp\/v2\/pages\/11504\/revisions"}],"predecessor-version":[{"id":12114,"href":"https:\/\/loustaloise-faugeres.com\/en\/wp-json\/wp\/v2\/pages\/11504\/revisions\/12114"}],"wp:attachment":[{"href":"https:\/\/loustaloise-faugeres.com\/en\/wp-json\/wp\/v2\/media?parent=11504"}],"curies":[{"name":"wp","href":"https:\/\/api.w.org\/{rel}","templated":true}]}}