{"id":10759,"date":"2023-10-25T13:37:35","date_gmt":"2023-10-25T13:37:35","guid":{"rendered":"https:\/\/bridge497.qodeinteractive.com\/?page_id=10759"},"modified":"2025-12-04T14:10:51","modified_gmt":"2025-12-04T14:10:51","slug":"contact-loustaloise","status":"publish","type":"page","link":"https:\/\/loustaloise-faugeres.com\/en\/contact-loustaloise\/","title":{"rendered":"Contact us"},"content":{"rendered":"<div data-elementor-type=\"wp-page\" data-elementor-id=\"10759\" class=\"elementor elementor-10759\">\n\t\t\t\t<div class=\"elementor-element elementor-element-c4da750 e-con-full e-flex parallax_section_no qode_elementor_container_no e-con e-parent\" data-id=\"c4da750\" data-element_type=\"container\" data-e-type=\"container\" data-settings=\"{&quot;background_background&quot;:&quot;classic&quot;}\">\n\t\t<div class=\"elementor-element elementor-element-7f9265c e-con-full qode_elementor_container_inner e-flex parallax_section_no e-con e-child\" data-id=\"7f9265c\" data-element_type=\"container\" data-e-type=\"container\">\n\t\t<div class=\"elementor-element elementor-element-bac5dab e-con-full e-flex parallax_section_no qode_elementor_container_no e-con e-child\" data-id=\"bac5dab\" data-element_type=\"container\" data-e-type=\"container\">\n\t\t\t\t<div class=\"elementor-element elementor-element-19e817b elementor-widget elementor-widget-text-editor\" data-id=\"19e817b\" data-element_type=\"widget\" data-e-type=\"widget\" data-widget_type=\"text-editor.default\">\n\t\t\t\t\t\t\t\t\t<h6>CONTACT US\u00a0<\/h6>\t\t\t\t\t\t\t\t<\/div>\n\t\t\t\t<div class=\"elementor-element elementor-element-165dcb6 elementor-widget elementor-widget-text-editor\" data-id=\"165dcb6\" data-element_type=\"widget\" data-e-type=\"widget\" data-widget_type=\"text-editor.default\">\n\t\t\t\t\t\t\t\t\t<div class=\"elementor-element elementor-element-38c44c9 elementor-widget elementor-widget-halstein_core_section_title\" data-id=\"38c44c9\" data-element_type=\"widget\" data-widget_type=\"halstein_core_section_title.default\"><div class=\"elementor-widget-container\"><div class=\"qodef-shortcode qodef-m qodef-section-title qodef-alignment--left\"><h2 class=\"qodef-m-title\">ANY QUESTION?<\/h2><\/div><\/div><\/div><div class=\"elementor-element elementor-element-752fca2 elementor-widget elementor-widget-wp-widget-halstein_core_contact_form_7\" data-id=\"752fca2\" data-element_type=\"widget\" data-widget_type=\"wp-widget-halstein_core_contact_form_7.default\"><div class=\"elementor-widget-container\"><div class=\"qodef-contact-form-7 qodef-button-layout--filled-one\"><div id=\"wpcf7-f2379-p17-o1\" class=\"wpcf7 js\" dir=\"ltr\" lang=\"en-US\">\u00a0<\/div><\/div><\/div><\/div>\t\t\t\t\t\t\t\t<\/div>\n\t\t\t\t<div class=\"elementor-element elementor-element-7d97fce elementor-widget elementor-widget-bridge_cf_7\" data-id=\"7d97fce\" data-element_type=\"widget\" data-e-type=\"widget\" data-widget_type=\"bridge_cf_7.default\">\n\t\t\t\t<div class=\"elementor-widget-container\">\n\t\t\t\t\t    <div class=\"qode-contact-form-7 qode-contact-form-7-0\">\n    \n<div class=\"wpcf7 no-js\" id=\"wpcf7-f10967-o1\" lang=\"en-US\" dir=\"ltr\" data-wpcf7-id=\"10967\">\n<div class=\"screen-reader-response\"><p role=\"status\" aria-live=\"polite\" aria-atomic=\"true\"><\/p> <ul><\/ul><\/div>\n<form action=\"\/en\/wp-json\/wp\/v2\/pages\/10759#wpcf7-f10967-o1\" method=\"post\" class=\"wpcf7-form init cf7_custom_style_1\" aria-label=\"Contact form\" novalidate=\"novalidate\" data-status=\"init\" data-trp-original-action=\"\/en\/wp-json\/wp\/v2\/pages\/10759#wpcf7-f10967-o1\">\n<fieldset class=\"hidden-fields-container\"><input type=\"hidden\" name=\"_wpcf7\" value=\"10967\" \/><input type=\"hidden\" name=\"_wpcf7_version\" value=\"6.1.5\" \/><input type=\"hidden\" name=\"_wpcf7_locale\" value=\"en_US\" \/><input type=\"hidden\" name=\"_wpcf7_unit_tag\" value=\"wpcf7-f10967-o1\" \/><input type=\"hidden\" name=\"_wpcf7_container_post\" value=\"0\" \/><input type=\"hidden\" name=\"_wpcf7_posted_data_hash\" value=\"\" \/>\n<\/fieldset>\n<div class=\"qode-cf-two-columns\">\n<div class=\"qode-cf-two-columns-inner\">\n<div class=\"qode-cf-left\">\n\n<span class=\"wpcf7-form-control-wrap\" data-name=\"first-name\"><input size=\"40\" maxlength=\"400\" class=\"wpcf7-form-control wpcf7-text wpcf7-validates-as-required\" aria-required=\"true\" aria-invalid=\"false\" placeholder=\"Name\" value=\"\" type=\"text\" name=\"first-name\" \/><\/span>\n<span class=\"wpcf7-form-control-wrap\" data-name=\"tel\"><input size=\"40\" maxlength=\"400\" class=\"wpcf7-form-control wpcf7-tel wpcf7-validates-as-required wpcf7-text wpcf7-validates-as-tel\" aria-required=\"true\" aria-invalid=\"false\" placeholder=\"Phone\" value=\"\" type=\"tel\" name=\"tel\" \/><\/span>\n<span class=\"wpcf7-form-control-wrap\" data-name=\"email\"><input size=\"40\" maxlength=\"400\" class=\"wpcf7-form-control wpcf7-email wpcf7-validates-as-required wpcf7-text wpcf7-validates-as-email\" aria-required=\"true\" aria-invalid=\"false\" placeholder=\"E-mail address*\" value=\"\" type=\"email\" name=\"email\" \/><\/span>\n<span class=\"wpcf7-form-control-wrap\" data-name=\"country\"><input size=\"40\" maxlength=\"400\" class=\"wpcf7-form-control wpcf7-text wpcf7-validates-as-required\" aria-required=\"true\" aria-invalid=\"false\" placeholder=\"I come from...\" value=\"\" type=\"text\" name=\"country\" \/><\/span>\n\n<\/div>\n<div class=\"qode-cf-right\">\n<span class=\"wpcf7-form-control-wrap\" data-name=\"message\"><textarea cols=\"40\" rows=\"3\" maxlength=\"2000\" class=\"wpcf7-form-control wpcf7-textarea wpcf7-validates-as-required qodef--adjusted-height\" aria-required=\"true\" aria-invalid=\"false\" placeholder=\"Message*\" name=\"message\"><\/textarea><\/span>\n<span class=\"wpcf7-form-control-wrap\" data-name=\"inquiry-type\"><select class=\"wpcf7-form-control wpcf7-select wpcf7-validates-as-required\" aria-required=\"true\" aria-invalid=\"false\" name=\"inquiry-type\"><option value=\"\">Comment nous avez-vous connus ?<\/option><option value=\"Recommandation\">Recommandation<\/option><option value=\"Recherches Internet\">Recherches Internet<\/option><option value=\"De passage dans la r\u00e9gion\">De passage dans la r\u00e9gion<\/option><option value=\"autre\">autre<\/option><\/select><\/span>\n\n<span class=\"wpcf7-form-control-wrap\" data-name=\"news\"><span class=\"wpcf7-form-control wpcf7-checkbox\"><span class=\"wpcf7-list-item first last\"><input type=\"checkbox\" name=\"news[]\" value=\"J&#039;accepte la politique de confidentialit\u00e9\" \/><span class=\"wpcf7-list-item-label\">I agree this website to store my data in order to answer this query.<\/span><\/span><\/span><\/span>\n\n<input class=\"wpcf7-form-control wpcf7-submit has-spinner\" type=\"submit\" value=\"Send\" \/>\n<\/div>\n<\/div>\n<\/div><input type='hidden' class='wpcf7-pum' value='{\"closepopup\":false,\"closedelay\":0,\"openpopup\":false,\"openpopup_id\":0}' \/><div class=\"wpcf7-response-output\" aria-hidden=\"true\"><\/div>\n<input type=\"hidden\" name=\"trp-form-language\" value=\"en\"\/><\/form>\n<\/div>\n    <\/div>\n\t\t\t\t<\/div>\n\t\t\t\t<\/div>\n\t\t\t\t<div class=\"elementor-element elementor-element-437738e elementor-widget elementor-widget-text-editor\" data-id=\"437738e\" data-element_type=\"widget\" data-e-type=\"widget\" data-widget_type=\"text-editor.default\">\n\t\t\t\t\t\t\t\t\t<div id=\"qodef-page-outer\">\n<div id=\"qodef-page-inner\" class=\"qodef-content-full-width\">\n<p>Answer directly your questions by phone at <a href=\"tel:0764030533\">07 64 08 05 33<\/a>.<\/p>\n<\/div>\n<\/div>\n<footer id=\"qodef-page-footer\" role=\"contentinfo\">\n<div id=\"qodef-page-footer-top-area\">\n<div id=\"qodef-page-footer-top-area-inner\" class=\"qodef-content-grid\">\n<div class=\"qodef-grid qodef-layout--columns qodef-responsive--custom qodef-col-num--4 qodef-col-num--680--1 qodef-col-num--480--1 qodef-columns-layout--custom qodef-alignment--left\">\n<div class=\"qodef-grid-inner clear\">\n<div class=\"qodef-grid-item\">\n<div id=\"block-28\" class=\"widget widget_block\" data-area=\"qodef-footer-top-area-column-1\">\n<div class=\"wp-block-group is-layout-flow wp-block-group-is-layout-flow\">\n<div class=\"wp-block-group__inner-container\">\n<div class=\"widget widget_halstein_core_single_image\">\n<div class=\"qodef-shortcode qodef-m qodef-single-image qodef-layout--default qodef-direction--from-left\">\n<div class=\"qodef-m-image\" style=\"text-align: center;\">&nbsp;<\/div>\n<\/div>\n<\/div>\n<\/div>\n<\/div>\n<\/div>\n<\/div>\n<\/div>\n<\/div>\n<\/div>\n<\/div>\n<\/footer>\t\t\t\t\t\t\t\t<\/div>\n\t\t\t\t<\/div>\n\t\t\t\t<\/div>\n\t\t\t\t<\/div>\n\t\t<div class=\"elementor-element elementor-element-3447bc4 e-con-full e-flex parallax_section_no qode_elementor_container_no e-con e-parent\" data-id=\"3447bc4\" data-element_type=\"container\" data-e-type=\"container\">\n\t\t<div class=\"elementor-element elementor-element-f5fe683 e-con-full e-flex parallax_section_no qode_elementor_container_no e-con e-child\" data-id=\"f5fe683\" data-element_type=\"container\" data-e-type=\"container\">\n\t\t\t\t<div class=\"elementor-element elementor-element-5db418a elementor-widget elementor-widget-text-editor\" data-id=\"5db418a\" data-element_type=\"widget\" data-e-type=\"widget\" data-widget_type=\"text-editor.default\">\n\t\t\t\t\t\t\t\t\t<h6>How do I get here?\u00a0<\/h6>\t\t\t\t\t\t\t\t<\/div>\n\t\t\t\t<div class=\"elementor-element elementor-element-e20c7b0 elementor-widget elementor-widget-text-editor\" data-id=\"e20c7b0\" data-element_type=\"widget\" data-e-type=\"widget\" data-widget_type=\"text-editor.default\">\n\t\t\t\t\t\t\t\t\t<h2 class=\"qodef-m-title\">Wherever you come from, your way is on the map!<\/h2>\t\t\t\t\t\t\t\t<\/div>\n\t\t\t\t<div class=\"elementor-element elementor-element-d1983b0 elementor-widget elementor-widget-text-editor\" data-id=\"d1983b0\" data-element_type=\"widget\" data-e-type=\"widget\" data-widget_type=\"text-editor.default\">\n\t\t\t\t\t\t\t\t\t<p>55 avenue de la gare<br \/>34600 FAUG\u00c8RES<\/p><p>\u00a0<\/p><p>Wherever you come from, the way is on the map!<\/p>\t\t\t\t\t\t\t\t<\/div>\n\t\t\t\t<div class=\"elementor-element elementor-element-adcfd06 elementor-widget elementor-widget-image\" data-id=\"adcfd06\" data-element_type=\"widget\" data-e-type=\"widget\" data-widget_type=\"image.default\">\n\t\t\t\t\t\t\t\t\t\t\t\t\t\t\t\t<a href=\"https:\/\/maps.app.goo.gl\/N1kqieaQPGpnaNnT9\" target=\"_blank\">\n\t\t\t\t\t\t\t<img fetchpriority=\"high\" decoding=\"async\" width=\"800\" height=\"600\" src=\"https:\/\/loustaloise-faugeres.com\/wp-content\/uploads\/2025\/11\/Capture-decran-2025-11-10-a-14.51.42-800x600.png\" class=\"attachment-portfolio-landscape size-portfolio-landscape wp-image-12185\" alt=\"\" \/>\t\t\t\t\t\t\t\t<\/a>\n\t\t\t\t\t\t\t\t\t\t\t\t\t\t\t<\/div>\n\t\t\t\t<\/div>\n\t\t\t\t<div class=\"elementor-element elementor-element-7baface elementor-widget__width-initial elementor-widget-tablet__width-initial elementor-widget elementor-widget-text-editor\" data-id=\"7baface\" data-element_type=\"widget\" data-e-type=\"widget\" data-widget_type=\"text-editor.default\">\n\t\t\t\t\t\t\t\t\t<h3>Do not lose your way!<\/h3><p>\u00a0<\/p><p>Suivez le guide pour acc\u00e9der \u00e0 L\u2019Oustaloise\u00a0:<\/p><p>\u00a0<\/p><p>\u2013 From Millau\/Montpellier via the A75, exit at Clermont l'H\u00e9rault, follow signs for B\u00e9darieux then Faug\u00e8res, turn right towards Caussiniojouls, turn left at the stop sign, first house on the left as you enter Faug\u00e8res station.<\/p><p>\u2013 From P\u00e9zenas, follow signs for Roujan\/B\u00e9darieux, drive through Faug\u00e8res, turn left at \u2018Grands Vins du Terroir\u2019 towards B\u00e9ziers, follow signs for Caussiniojouls, first house on the left as you enter Faug\u00e8res station.<\/p><p>\u2013 From Montpellier\/Perpignan via the A9, take the B\u00e9ziers Est exit (A75), follow signs for B\u00e9ziers, take the ring road to the B\u00e9darieux\/Lamalou-les-Bains exit (D 909) for 25 km, then turn right at the entrance to the dual carriageway towards Caussiniojouls, give way to the left, first house on the left. Lamalou-les-Bains (D 909) for 25 km, then turn right at the entrance to the dual carriageway towards Caussiniojouls, give way to the left, first house on the left as you enter Faug\u00e8res station.<\/p>\t\t\t\t\t\t\t\t<\/div>\n\t\t\t\t<\/div>\n\t\t<div class=\"elementor-element elementor-element-378019f e-flex e-con-boxed parallax_section_no qode_elementor_container_no e-con e-parent\" data-id=\"378019f\" data-element_type=\"container\" data-e-type=\"container\">\n\t\t\t\t\t<div class=\"e-con-inner\">\n\t\t\t\t<div class=\"elementor-element elementor-element-0ea9e00 elementor-widget elementor-widget-spacer\" data-id=\"0ea9e00\" data-element_type=\"widget\" data-e-type=\"widget\" data-widget_type=\"spacer.default\">\n\t\t\t\t\t\t\t<div class=\"elementor-spacer\">\n\t\t\t<div class=\"elementor-spacer-inner\"><\/div>\n\t\t<\/div>\n\t\t\t\t\t\t<\/div>\n\t\t\t\t\t<\/div>\n\t\t\t\t<\/div>\n\t\t\t\t<\/div>","protected":false},"excerpt":{"rendered":"<p>formulaire contact\u00a0 Des questions ? \u00a0 Comment nous avez-vous connus ?RecommandationRecherches InternetDe passage dans la r\u00e9gionautre J&#039;accepte la politique de confidentialit\u00e9 Fran\u00e7oise et Alexandre se tiennent \u00e9galement \u00e0 votre disposition pour r\u00e9pondre \u00e0 vos questions par t\u00e9l\u00e9phone au 07 64 08 05 33. &nbsp; nOUS TROUVER\u00a0 Plan d&rsquo;acc\u00e8s 55 avenue de la gare34600 FAUG\u00c8RES \u00a0 D\u2019o\u00f9 que vous veniez laissez-vous guider ; cliquez sur la carte. Ne vous perdez pas en chemin ! \u00a0 Suivez le guide pour acc\u00e9der \u00e0 L\u2019Oustaloise\u00a0: \u00a0 &#8211; De Millau \/ Montpellier par A75 sortir \u00e0 Clermont l\u2019h\u00e9rault, suivre B\u00e9darieux puis Faug\u00e8res, prendre \u00e0 droite direction Caussiniojouls, au stop \u00e0 gauche, premi\u00e8re maison \u00e0 gauche en entrant dans Faug\u00e8res gare. &#8211; De P\u00e9zenas, suivre Roujan\u00a0\/ B\u00e9darieux, traverser Faug\u00e8res, prendre \u00e0 gauche au niveau des \u00ab\u00a0Grands Vins du Terroir\u00a0\u00bb direction B\u00e9ziers suivre Caussiniojouls, premi\u00e8re maison \u00e0 gauche en entrant dans Faug\u00e8res&#8230;<\/p>","protected":false},"author":1,"featured_media":0,"parent":0,"menu_order":0,"comment_status":"closed","ping_status":"closed","template":"full_width.php","meta":{"footnotes":""},"class_list":["post-10759","page","type-page","status-publish","hentry"],"yoast_head":"<!-- This site is optimized with the Yoast SEO plugin v27.4 - https:\/\/yoast.com\/product\/yoast-seo-wordpress\/ -->\n<title>Contact | L&#039;Oustaloise Chambres et table d&#039;h\u00f4tes \u00e0 Faug\u00e8res<\/title>\n<meta name=\"robots\" content=\"index, follow, max-snippet:-1, max-image-preview:large, max-video-preview:-1\" \/>\n<link rel=\"canonical\" href=\"https:\/\/loustaloise-faugeres.com\/en\/contact-loustaloise\/\" \/>\n<meta property=\"og:locale\" content=\"en_GB\" \/>\n<meta property=\"og:type\" content=\"article\" \/>\n<meta property=\"og:title\" content=\"Contact | L&#039;Oustaloise Chambres et table d&#039;h\u00f4tes \u00e0 Faug\u00e8res\" \/>\n<meta property=\"og:description\" content=\"formulaire contact\u00a0 Des questions ? \u00a0 Comment nous avez-vous connus ?RecommandationRecherches InternetDe passage dans la r\u00e9gionautre J&#039;accepte la politique de confidentialit\u00e9 Fran\u00e7oise et Alexandre se tiennent \u00e9galement \u00e0 votre disposition pour r\u00e9pondre \u00e0 vos questions par t\u00e9l\u00e9phone au 07 64 08 05 33. &nbsp; nOUS TROUVER\u00a0 Plan d&rsquo;acc\u00e8s 55 avenue de la gare34600 FAUG\u00c8RES \u00a0 D\u2019o\u00f9 que vous veniez laissez-vous guider ; cliquez sur la carte. Ne vous perdez pas en chemin ! \u00a0 Suivez le guide pour acc\u00e9der \u00e0 L\u2019Oustaloise\u00a0: \u00a0 &#8211; De Millau \/ Montpellier par A75 sortir \u00e0 Clermont l\u2019h\u00e9rault, suivre B\u00e9darieux puis Faug\u00e8res, prendre \u00e0 droite direction Caussiniojouls, au stop \u00e0 gauche, premi\u00e8re maison \u00e0 gauche en entrant dans Faug\u00e8res gare. &#8211; De P\u00e9zenas, suivre Roujan\u00a0\/ B\u00e9darieux, traverser Faug\u00e8res, prendre \u00e0 gauche au niveau des \u00ab\u00a0Grands Vins du Terroir\u00a0\u00bb direction B\u00e9ziers suivre Caussiniojouls, premi\u00e8re maison \u00e0 gauche en entrant dans Faug\u00e8res...\" \/>\n<meta property=\"og:url\" content=\"https:\/\/loustaloise-faugeres.com\/en\/contact-loustaloise\/\" \/>\n<meta property=\"og:site_name\" content=\"L&#039;Oustaloise Chambres et table d&#039;h\u00f4tes \u00e0 Faug\u00e8res\" \/>\n<meta property=\"article:publisher\" content=\"https:\/\/www.facebook.com\/profile.php?id=100088112696177\" \/>\n<meta property=\"article:modified_time\" content=\"2025-12-04T14:10:51+00:00\" \/>\n<meta property=\"og:image\" content=\"https:\/\/loustaloise-faugeres.com\/wp-content\/uploads\/2025\/11\/Capture-decran-2025-11-10-a-14.51.42.png\" \/>\n\t<meta property=\"og:image:width\" content=\"2078\" \/>\n\t<meta property=\"og:image:height\" content=\"1318\" \/>\n\t<meta property=\"og:image:type\" content=\"image\/png\" \/>\n<script type=\"application\/ld+json\" class=\"yoast-schema-graph\">{\"@context\":\"https:\\\/\\\/schema.org\",\"@graph\":[{\"@type\":\"WebPage\",\"@id\":\"https:\\\/\\\/loustaloise-faugeres.com\\\/contact-loustaloise\\\/\",\"url\":\"https:\\\/\\\/loustaloise-faugeres.com\\\/contact-loustaloise\\\/\",\"name\":\"Contact | L&#039;Oustaloise Chambres et table d&#039;h\u00f4tes \u00e0 Faug\u00e8res\",\"isPartOf\":{\"@id\":\"https:\\\/\\\/loustaloise-faugeres.com\\\/#website\"},\"primaryImageOfPage\":{\"@id\":\"https:\\\/\\\/loustaloise-faugeres.com\\\/contact-loustaloise\\\/#primaryimage\"},\"image\":{\"@id\":\"https:\\\/\\\/loustaloise-faugeres.com\\\/contact-loustaloise\\\/#primaryimage\"},\"thumbnailUrl\":\"https:\\\/\\\/loustaloise-faugeres.com\\\/wp-content\\\/uploads\\\/2025\\\/11\\\/Capture-decran-2025-11-10-a-14.51.42-800x600.png\",\"datePublished\":\"2023-10-25T13:37:35+00:00\",\"dateModified\":\"2025-12-04T14:10:51+00:00\",\"breadcrumb\":{\"@id\":\"https:\\\/\\\/loustaloise-faugeres.com\\\/contact-loustaloise\\\/#breadcrumb\"},\"inLanguage\":\"en-GB\",\"potentialAction\":[{\"@type\":\"ReadAction\",\"target\":[\"https:\\\/\\\/loustaloise-faugeres.com\\\/contact-loustaloise\\\/\"]}]},{\"@type\":\"ImageObject\",\"inLanguage\":\"en-GB\",\"@id\":\"https:\\\/\\\/loustaloise-faugeres.com\\\/contact-loustaloise\\\/#primaryimage\",\"url\":\"https:\\\/\\\/loustaloise-faugeres.com\\\/wp-content\\\/uploads\\\/2025\\\/11\\\/Capture-decran-2025-11-10-a-14.51.42-800x600.png\",\"contentUrl\":\"https:\\\/\\\/loustaloise-faugeres.com\\\/wp-content\\\/uploads\\\/2025\\\/11\\\/Capture-decran-2025-11-10-a-14.51.42-800x600.png\"},{\"@type\":\"BreadcrumbList\",\"@id\":\"https:\\\/\\\/loustaloise-faugeres.com\\\/contact-loustaloise\\\/#breadcrumb\",\"itemListElement\":[{\"@type\":\"ListItem\",\"position\":1,\"name\":\"Accueil\",\"item\":\"https:\\\/\\\/loustaloise-faugeres.com\\\/\"},{\"@type\":\"ListItem\",\"position\":2,\"name\":\"Contact\"}]},{\"@type\":\"WebSite\",\"@id\":\"https:\\\/\\\/loustaloise-faugeres.com\\\/#website\",\"url\":\"https:\\\/\\\/loustaloise-faugeres.com\\\/\",\"name\":\"L'Oustaloise Chambres d'h\u00f4tes\\\/h\u00f4tel \u00e0 Faug\u00e8res pr\u00e8s de B\u00e9darieux et B\u00e9ziers\",\"description\":\"S\u00e9jour confort en Languedoc-Roussillon\",\"publisher\":{\"@id\":\"https:\\\/\\\/loustaloise-faugeres.com\\\/#organization\"},\"alternateName\":\"L'Oustaloise Location de vacances \u00e0 Faug\u00e8res\",\"potentialAction\":[{\"@type\":\"SearchAction\",\"target\":{\"@type\":\"EntryPoint\",\"urlTemplate\":\"https:\\\/\\\/loustaloise-faugeres.com\\\/?s={search_term_string}\"},\"query-input\":{\"@type\":\"PropertyValueSpecification\",\"valueRequired\":true,\"valueName\":\"search_term_string\"}}],\"inLanguage\":\"en-GB\"},{\"@type\":\"Organization\",\"@id\":\"https:\\\/\\\/loustaloise-faugeres.com\\\/#organization\",\"name\":\"L'Oustaloise Chambres d'h\u00f4tes\\\/h\u00f4tel pr\u00e8s de B\u00e9ziers et B\u00e9darieux\",\"alternateName\":\"L'Oustaloise Chambres d'h\u00f4tes\\\/h\u00f4tel \u00e0 Faug\u00e8res\",\"url\":\"https:\\\/\\\/loustaloise-faugeres.com\\\/\",\"logo\":{\"@type\":\"ImageObject\",\"inLanguage\":\"en-GB\",\"@id\":\"https:\\\/\\\/loustaloise-faugeres.com\\\/#\\\/schema\\\/logo\\\/image\\\/\",\"url\":\"https:\\\/\\\/loustaloise-faugeres.com\\\/wp-content\\\/uploads\\\/2025\\\/09\\\/LOGO_WEB.png\",\"contentUrl\":\"https:\\\/\\\/loustaloise-faugeres.com\\\/wp-content\\\/uploads\\\/2025\\\/09\\\/LOGO_WEB.png\",\"width\":1523,\"height\":842,\"caption\":\"L'Oustaloise Chambres d'h\u00f4tes\\\/h\u00f4tel pr\u00e8s de B\u00e9ziers et B\u00e9darieux\"},\"image\":{\"@id\":\"https:\\\/\\\/loustaloise-faugeres.com\\\/#\\\/schema\\\/logo\\\/image\\\/\"},\"sameAs\":[\"https:\\\/\\\/www.facebook.com\\\/profile.php?id=100088112696177\",\"https:\\\/\\\/www.instagram.com\\\/l.oustaloise\\\/\"]}]}<\/script>\n<!-- \/ Yoast SEO plugin. -->","yoast_head_json":{"title":"Contact | L&#039;Oustaloise Chambres et table d&#039;h\u00f4tes \u00e0 Faug\u00e8res","robots":{"index":"index","follow":"follow","max-snippet":"max-snippet:-1","max-image-preview":"max-image-preview:large","max-video-preview":"max-video-preview:-1"},"canonical":"https:\/\/loustaloise-faugeres.com\/en\/contact-loustaloise\/","og_locale":"en_GB","og_type":"article","og_title":"Contact | L&#039;Oustaloise Chambres et table d&#039;h\u00f4tes \u00e0 Faug\u00e8res","og_description":"formulaire contact\u00a0 Des questions ? \u00a0 Comment nous avez-vous connus ?RecommandationRecherches InternetDe passage dans la r\u00e9gionautre J&#039;accepte la politique de confidentialit\u00e9 Fran\u00e7oise et Alexandre se tiennent \u00e9galement \u00e0 votre disposition pour r\u00e9pondre \u00e0 vos questions par t\u00e9l\u00e9phone au 07 64 08 05 33. &nbsp; nOUS TROUVER\u00a0 Plan d&rsquo;acc\u00e8s 55 avenue de la gare34600 FAUG\u00c8RES \u00a0 D\u2019o\u00f9 que vous veniez laissez-vous guider ; cliquez sur la carte. Ne vous perdez pas en chemin ! \u00a0 Suivez le guide pour acc\u00e9der \u00e0 L\u2019Oustaloise\u00a0: \u00a0 &#8211; De Millau \/ Montpellier par A75 sortir \u00e0 Clermont l\u2019h\u00e9rault, suivre B\u00e9darieux puis Faug\u00e8res, prendre \u00e0 droite direction Caussiniojouls, au stop \u00e0 gauche, premi\u00e8re maison \u00e0 gauche en entrant dans Faug\u00e8res gare. &#8211; De P\u00e9zenas, suivre Roujan\u00a0\/ B\u00e9darieux, traverser Faug\u00e8res, prendre \u00e0 gauche au niveau des \u00ab\u00a0Grands Vins du Terroir\u00a0\u00bb direction B\u00e9ziers suivre Caussiniojouls, premi\u00e8re maison \u00e0 gauche en entrant dans Faug\u00e8res...","og_url":"https:\/\/loustaloise-faugeres.com\/en\/contact-loustaloise\/","og_site_name":"L&#039;Oustaloise Chambres et table d&#039;h\u00f4tes \u00e0 Faug\u00e8res","article_publisher":"https:\/\/www.facebook.com\/profile.php?id=100088112696177","article_modified_time":"2025-12-04T14:10:51+00:00","og_image":[{"width":2078,"height":1318,"url":"https:\/\/loustaloise-faugeres.com\/wp-content\/uploads\/2025\/11\/Capture-decran-2025-11-10-a-14.51.42.png","type":"image\/png"}],"schema":{"@context":"https:\/\/schema.org","@graph":[{"@type":"WebPage","@id":"https:\/\/loustaloise-faugeres.com\/contact-loustaloise\/","url":"https:\/\/loustaloise-faugeres.com\/contact-loustaloise\/","name":"Contact | L&#039;Oustaloise Chambres et table d&#039;h\u00f4tes \u00e0 Faug\u00e8res","isPartOf":{"@id":"https:\/\/loustaloise-faugeres.com\/#website"},"primaryImageOfPage":{"@id":"https:\/\/loustaloise-faugeres.com\/contact-loustaloise\/#primaryimage"},"image":{"@id":"https:\/\/loustaloise-faugeres.com\/contact-loustaloise\/#primaryimage"},"thumbnailUrl":"https:\/\/loustaloise-faugeres.com\/wp-content\/uploads\/2025\/11\/Capture-decran-2025-11-10-a-14.51.42-800x600.png","datePublished":"2023-10-25T13:37:35+00:00","dateModified":"2025-12-04T14:10:51+00:00","breadcrumb":{"@id":"https:\/\/loustaloise-faugeres.com\/contact-loustaloise\/#breadcrumb"},"inLanguage":"en-GB","potentialAction":[{"@type":"ReadAction","target":["https:\/\/loustaloise-faugeres.com\/contact-loustaloise\/"]}]},{"@type":"ImageObject","inLanguage":"en-GB","@id":"https:\/\/loustaloise-faugeres.com\/contact-loustaloise\/#primaryimage","url":"https:\/\/loustaloise-faugeres.com\/wp-content\/uploads\/2025\/11\/Capture-decran-2025-11-10-a-14.51.42-800x600.png","contentUrl":"https:\/\/loustaloise-faugeres.com\/wp-content\/uploads\/2025\/11\/Capture-decran-2025-11-10-a-14.51.42-800x600.png"},{"@type":"BreadcrumbList","@id":"https:\/\/loustaloise-faugeres.com\/contact-loustaloise\/#breadcrumb","itemListElement":[{"@type":"ListItem","position":1,"name":"Accueil","item":"https:\/\/loustaloise-faugeres.com\/"},{"@type":"ListItem","position":2,"name":"Contact"}]},{"@type":"WebSite","@id":"https:\/\/loustaloise-faugeres.com\/#website","url":"https:\/\/loustaloise-faugeres.com\/","name":"L'Oustaloise Chambres d'h\u00f4tes\/h\u00f4tel \u00e0 Faug\u00e8res pr\u00e8s de B\u00e9darieux et B\u00e9ziers","description":"S\u00e9jour confort en Languedoc-Roussillon","publisher":{"@id":"https:\/\/loustaloise-faugeres.com\/#organization"},"alternateName":"L'Oustaloise Location de vacances \u00e0 Faug\u00e8res","potentialAction":[{"@type":"SearchAction","target":{"@type":"EntryPoint","urlTemplate":"https:\/\/loustaloise-faugeres.com\/?s={search_term_string}"},"query-input":{"@type":"PropertyValueSpecification","valueRequired":true,"valueName":"search_term_string"}}],"inLanguage":"en-GB"},{"@type":"Organization","@id":"https:\/\/loustaloise-faugeres.com\/#organization","name":"L'Oustaloise Chambres d'h\u00f4tes\/h\u00f4tel pr\u00e8s de B\u00e9ziers et B\u00e9darieux","alternateName":"L'Oustaloise Chambres d'h\u00f4tes\/h\u00f4tel \u00e0 Faug\u00e8res","url":"https:\/\/loustaloise-faugeres.com\/","logo":{"@type":"ImageObject","inLanguage":"en-GB","@id":"https:\/\/loustaloise-faugeres.com\/#\/schema\/logo\/image\/","url":"https:\/\/loustaloise-faugeres.com\/wp-content\/uploads\/2025\/09\/LOGO_WEB.png","contentUrl":"https:\/\/loustaloise-faugeres.com\/wp-content\/uploads\/2025\/09\/LOGO_WEB.png","width":1523,"height":842,"caption":"L'Oustaloise Chambres d'h\u00f4tes\/h\u00f4tel pr\u00e8s de B\u00e9ziers et B\u00e9darieux"},"image":{"@id":"https:\/\/loustaloise-faugeres.com\/#\/schema\/logo\/image\/"},"sameAs":["https:\/\/www.facebook.com\/profile.php?id=100088112696177","https:\/\/www.instagram.com\/l.oustaloise\/"]}]}},"_links":{"self":[{"href":"https:\/\/loustaloise-faugeres.com\/en\/wp-json\/wp\/v2\/pages\/10759","targetHints":{"allow":["GET"]}}],"collection":[{"href":"https:\/\/loustaloise-faugeres.com\/en\/wp-json\/wp\/v2\/pages"}],"about":[{"href":"https:\/\/loustaloise-faugeres.com\/en\/wp-json\/wp\/v2\/types\/page"}],"author":[{"embeddable":true,"href":"https:\/\/loustaloise-faugeres.com\/en\/wp-json\/wp\/v2\/users\/1"}],"replies":[{"embeddable":true,"href":"https:\/\/loustaloise-faugeres.com\/en\/wp-json\/wp\/v2\/comments?post=10759"}],"version-history":[{"count":102,"href":"https:\/\/loustaloise-faugeres.com\/en\/wp-json\/wp\/v2\/pages\/10759\/revisions"}],"predecessor-version":[{"id":13780,"href":"https:\/\/loustaloise-faugeres.com\/en\/wp-json\/wp\/v2\/pages\/10759\/revisions\/13780"}],"wp:attachment":[{"href":"https:\/\/loustaloise-faugeres.com\/en\/wp-json\/wp\/v2\/media?parent=10759"}],"curies":[{"name":"wp","href":"https:\/\/api.w.org\/{rel}","templated":true}]}}