{"id":10520,"date":"2023-10-23T09:06:34","date_gmt":"2023-10-23T09:06:34","guid":{"rendered":"https:\/\/bridge497.qodeinteractive.com\/?page_id=10520"},"modified":"2026-03-29T20:05:28","modified_gmt":"2026-03-29T20:05:28","slug":"reserver","status":"publish","type":"page","link":"https:\/\/loustaloise-faugeres.com\/en\/reserver\/","title":{"rendered":"Booking"},"content":{"rendered":"<div data-elementor-type=\"wp-page\" data-elementor-id=\"10520\" class=\"elementor elementor-10520\">\n\t\t\t\t<div class=\"elementor-element elementor-element-23c3a8f e-con-full qode_elementor_container_inner e-flex parallax_section_no e-con e-parent\" data-id=\"23c3a8f\" data-element_type=\"container\" data-e-type=\"container\" data-settings=\"{&quot;background_background&quot;:&quot;classic&quot;}\">\n\t\t\t\t<div class=\"elementor-element elementor-element-944b74c elementor-widget elementor-widget-spacer\" data-id=\"944b74c\" data-element_type=\"widget\" data-e-type=\"widget\" data-widget_type=\"spacer.default\">\n\t\t\t\t\t\t\t<div class=\"elementor-spacer\">\n\t\t\t<div class=\"elementor-spacer-inner\"><\/div>\n\t\t<\/div>\n\t\t\t\t\t\t<\/div>\n\t\t\t\t<div class=\"elementor-element elementor-element-6769c93 elementor-widget elementor-widget-text-editor\" data-id=\"6769c93\" data-element_type=\"widget\" data-e-type=\"widget\" data-widget_type=\"text-editor.default\">\n\t\t\t\t\t\t\t\t\t<h2>Book your stay at L\u2019Oustaloise<\/h2><p>\u00a0<\/p><h4><strong><em>Vous ne trouvez pas les dates souhait\u00e9es ?<\/em><\/strong><\/h4><h4><strong><em> Appelez-nous directement , on aura peut-\u00eatre la solution <\/em><em>!<\/em><\/strong><\/h4><p>\u00a0<\/p><p><em><strong>Enjoy a 10% discount on stays of 4 consecutive nights or more, excluding meals.<\/strong><\/em><\/p>\t\t\t\t\t\t\t\t<\/div>\n\t\t\t\t<\/div>\n\t\t<div class=\"elementor-element elementor-element-3046dba e-flex e-con-boxed parallax_section_no qode_elementor_container_no e-con e-parent\" data-id=\"3046dba\" data-element_type=\"container\" data-e-type=\"container\">\n\t\t\t\t\t<div class=\"e-con-inner\">\n\t\t\t\t<div class=\"elementor-element elementor-element-efb5c8b elementor-widget elementor-widget-shortcode\" data-id=\"efb5c8b\" data-element_type=\"widget\" data-e-type=\"widget\" data-widget_type=\"shortcode.default\">\n\t\t\t\t\t\t\t<div class=\"elementor-shortcode\"><\/div>\n\t\t\t\t\t\t<\/div>\n\t\t<div class=\"elementor-element elementor-element-a767437 e-con-full e-flex parallax_section_no qode_elementor_container_no e-con e-child\" data-id=\"a767437\" data-element_type=\"container\" data-e-type=\"container\" data-settings=\"{&quot;background_background&quot;:&quot;classic&quot;}\">\n\t\t\t\t<div class=\"elementor-element elementor-element-a52c02c elementor-widget elementor-widget-text-editor\" data-id=\"a52c02c\" data-element_type=\"widget\" data-e-type=\"widget\" data-widget_type=\"text-editor.default\">\n\t\t\t\t\t\t\t\t\t<div class=\"elementor-element elementor-element-df301de elementor-widget__width-initial elementor-widget elementor-widget-text-editor\" data-id=\"df301de\" data-element_type=\"widget\" data-widget_type=\"text-editor.default\"><h4><span style=\"color: #ffffff; font-family: marcellus;\"> The best price can be found on our <strong>Website<\/strong> !<\/span><\/h4><h4>\u00a0<\/h4><h4><span style=\"color: #ffffff; font-family: marcellus;\">Terms of payment: <\/span><\/h4><div class=\"elementor-widget-container\"><h5><span style=\"color: #ffffff; font-family: marcellus;\">The booking becomes effective once the customer has sent the owner a deposit of 50% of the total cost of the stay, with a minimum of one night per room booked. Prices include tourist tax and breakfast.<br \/>Payments are made at the time of booking.<\/span><\/h5><\/div><h5>\u00a0<\/h5><h4><span style=\"color: #ffffff; font-family: marcellus;\">Conditions d&rsquo;annulation : voir <a href=\"https:\/\/loustaloise-faugeres.com\/en\/conditions-generales\/\">our terms and conditions. <\/a><\/span><\/h4><\/div>\t\t\t\t\t\t\t\t<\/div>\n\t\t\t\t<div class=\"elementor-element elementor-element-ec75384 elementor-widget elementor-widget-image\" data-id=\"ec75384\" data-element_type=\"widget\" data-e-type=\"widget\" data-widget_type=\"image.default\">\n\t\t\t\t\t\t\t\t\t\t\t\t\t\t\t<img decoding=\"async\" width=\"335\" height=\"54\" src=\"https:\/\/loustaloise-faugeres.com\/wp-content\/uploads\/2025\/11\/paiement_acceptes.jpg.webp\" class=\"attachment-full size-full wp-image-11909\" alt=\"\" srcset=\"https:\/\/loustaloise-faugeres.com\/wp-content\/uploads\/2025\/11\/paiement_acceptes.jpg.webp 335w, https:\/\/loustaloise-faugeres.com\/wp-content\/uploads\/2025\/11\/paiement_acceptes.jpg-300x48.webp 300w, https:\/\/loustaloise-faugeres.com\/wp-content\/uploads\/2025\/11\/paiement_acceptes.jpg-18x3.webp 18w\" sizes=\"(max-width: 335px) 100vw, 335px\" \/>\t\t\t\t\t\t\t\t\t\t\t\t\t\t\t<\/div>\n\t\t\t\t<div class=\"elementor-element elementor-element-e92df5d elementor-align-center elementor-widget elementor-widget-button\" data-id=\"e92df5d\" data-element_type=\"widget\" data-e-type=\"widget\" data-widget_type=\"button.default\">\n\t\t\t\t\t\t\t\t\t\t<a class=\"elementor-button elementor-button-link elementor-size-sm\" href=\"https:\/\/loustaloise-faugeres.com\/en\/maison-chambres-dhotes-faugeres\/\">\n\t\t\t\t\t\t<span class=\"elementor-button-content-wrapper\">\n\t\t\t\t\t\t\t\t\t<span class=\"elementor-button-text\">Our rooms<\/span>\n\t\t\t\t\t<\/span>\n\t\t\t\t\t<\/a>\n\t\t\t\t\t\t\t\t<\/div>\n\t\t\t\t<div class=\"elementor-element elementor-element-a47dfbd elementor-widget elementor-widget-bridge_image_gallery\" data-id=\"a47dfbd\" data-element_type=\"widget\" data-e-type=\"widget\" data-widget_type=\"bridge_image_gallery.default\">\n\t\t\t\t<div class=\"elementor-widget-container\">\n\t\t\t\t\t<div class=\"qode-image-gallery\"><div class=\"qode-image-gallery-inner\"><div class=\"qode-image-gallery-slides wpb_image_grid\" data-interval=\"\"data-drag=\"false\"><div class=\"gallery_holder\"><ul class=\"gallery_inner   v0\"><li class=\"no_grayscale\"><img decoding=\"async\" src=\"\" \/><\/li><\/ul><\/div><\/div><\/div><\/div>\t\t\t\t<\/div>\n\t\t\t\t<\/div>\n\t\t\t\t<\/div>\n\t\t\t\t\t<\/div>\n\t\t\t\t<\/div>\n\t\t<div class=\"elementor-element elementor-element-c2b4620 e-flex e-con-boxed parallax_section_no qode_elementor_container_no e-con e-parent\" data-id=\"c2b4620\" data-element_type=\"container\" data-e-type=\"container\">\n\t\t\t\t\t<div class=\"e-con-inner\">\n\t\t\t\t<div class=\"elementor-element elementor-element-a1e3a5f elementor-widget elementor-widget-spacer\" data-id=\"a1e3a5f\" data-element_type=\"widget\" data-e-type=\"widget\" data-widget_type=\"spacer.default\">\n\t\t\t\t\t\t\t<div class=\"elementor-spacer\">\n\t\t\t<div class=\"elementor-spacer-inner\"><\/div>\n\t\t<\/div>\n\t\t\t\t\t\t<\/div>\n\t\t\t\t\t<\/div>\n\t\t\t\t<\/div>\n\t\t\t\t<\/div>","protected":false},"excerpt":{"rendered":"<p>R\u00e9servez votre s\u00e9jour \u00e0 L\u2019Oustaloise \u00a0 Vous ne trouvez pas les dates souhait\u00e9es ? Appelez-nous directement , on aura peut-\u00eatre la solution ! \u00a0 Profitez d\u2019une r\u00e9duction de 10 % \u00e0 partir de 4 nuits cons\u00e9cutives, hors repas. Le meilleur tarif se trouve sur notre Site Internet ! \u00a0 Conditions de r\u00e8glement : La r\u00e9servation devient effective d\u00e8s lors que le client aura fait parvenir au propri\u00e9taire un acompte de 50 % du montant total du prix du s\u00e9jour avec un minimum d\u2019une nuit\u00e9e par chambre retenue. Les prix s\u2019entendent taxe de s\u00e9jour et petit-d\u00e9jeuner inclus.Les paiements s&rsquo;effectuent \u00e0 la r\u00e9servation. \u00a0 Conditions d&rsquo;annulation : voir nos conditions g\u00e9n\u00e9rales Les chambres<\/p>","protected":false},"author":1,"featured_media":0,"parent":0,"menu_order":0,"comment_status":"closed","ping_status":"closed","template":"full_width.php","meta":{"footnotes":""},"class_list":["post-10520","page","type-page","status-publish","hentry"],"yoast_head":"<!-- This site is optimized with the Yoast SEO plugin v27.4 - https:\/\/yoast.com\/product\/yoast-seo-wordpress\/ -->\n<title>R\u00e9server | L&#039;Oustaloise Chambres et table d&#039;h\u00f4tes \u00e0 Faug\u00e8res<\/title>\n<meta name=\"robots\" content=\"index, follow, max-snippet:-1, max-image-preview:large, max-video-preview:-1\" \/>\n<link rel=\"canonical\" href=\"https:\/\/loustaloise-faugeres.com\/en\/reserver\/\" \/>\n<meta property=\"og:locale\" content=\"en_GB\" \/>\n<meta property=\"og:type\" content=\"article\" \/>\n<meta property=\"og:title\" content=\"R\u00e9server | L&#039;Oustaloise Chambres et table d&#039;h\u00f4tes \u00e0 Faug\u00e8res\" \/>\n<meta property=\"og:description\" content=\"R\u00e9servez votre s\u00e9jour \u00e0 L\u2019Oustaloise \u00a0 Vous ne trouvez pas les dates souhait\u00e9es ? Appelez-nous directement , on aura peut-\u00eatre la solution ! \u00a0 Profitez d\u2019une r\u00e9duction de 10 % \u00e0 partir de 4 nuits cons\u00e9cutives, hors repas. Le meilleur tarif se trouve sur notre Site Internet ! \u00a0 Conditions de r\u00e8glement : La r\u00e9servation devient effective d\u00e8s lors que le client aura fait parvenir au propri\u00e9taire un acompte de 50 % du montant total du prix du s\u00e9jour avec un minimum d\u2019une nuit\u00e9e par chambre retenue. Les prix s\u2019entendent taxe de s\u00e9jour et petit-d\u00e9jeuner inclus.Les paiements s&rsquo;effectuent \u00e0 la r\u00e9servation. \u00a0 Conditions d&rsquo;annulation : voir nos conditions g\u00e9n\u00e9rales Les chambres\" \/>\n<meta property=\"og:url\" content=\"https:\/\/loustaloise-faugeres.com\/en\/reserver\/\" \/>\n<meta property=\"og:site_name\" content=\"L&#039;Oustaloise Chambres et table d&#039;h\u00f4tes \u00e0 Faug\u00e8res\" \/>\n<meta property=\"article:publisher\" content=\"https:\/\/www.facebook.com\/profile.php?id=100088112696177\" \/>\n<meta property=\"article:modified_time\" content=\"2026-03-29T20:05:28+00:00\" \/>\n<meta property=\"og:image\" content=\"https:\/\/loustaloise-faugeres.com\/wp-content\/uploads\/2025\/11\/paiement_acceptes.jpg.webp\" \/>\n\t<meta property=\"og:image:width\" content=\"335\" \/>\n\t<meta property=\"og:image:height\" content=\"54\" \/>\n\t<meta property=\"og:image:type\" content=\"image\/webp\" \/>\n<script type=\"application\/ld+json\" class=\"yoast-schema-graph\">{\"@context\":\"https:\\\/\\\/schema.org\",\"@graph\":[{\"@type\":\"WebPage\",\"@id\":\"https:\\\/\\\/loustaloise-faugeres.com\\\/reserver\\\/\",\"url\":\"https:\\\/\\\/loustaloise-faugeres.com\\\/reserver\\\/\",\"name\":\"R\u00e9server | L&#039;Oustaloise Chambres et table d&#039;h\u00f4tes \u00e0 Faug\u00e8res\",\"isPartOf\":{\"@id\":\"https:\\\/\\\/loustaloise-faugeres.com\\\/#website\"},\"primaryImageOfPage\":{\"@id\":\"https:\\\/\\\/loustaloise-faugeres.com\\\/reserver\\\/#primaryimage\"},\"image\":{\"@id\":\"https:\\\/\\\/loustaloise-faugeres.com\\\/reserver\\\/#primaryimage\"},\"thumbnailUrl\":\"https:\\\/\\\/loustaloise-faugeres.com\\\/wp-content\\\/uploads\\\/2025\\\/11\\\/paiement_acceptes.jpg.webp\",\"datePublished\":\"2023-10-23T09:06:34+00:00\",\"dateModified\":\"2026-03-29T20:05:28+00:00\",\"breadcrumb\":{\"@id\":\"https:\\\/\\\/loustaloise-faugeres.com\\\/reserver\\\/#breadcrumb\"},\"inLanguage\":\"en-GB\",\"potentialAction\":[{\"@type\":\"ReadAction\",\"target\":[\"https:\\\/\\\/loustaloise-faugeres.com\\\/reserver\\\/\"]}]},{\"@type\":\"ImageObject\",\"inLanguage\":\"en-GB\",\"@id\":\"https:\\\/\\\/loustaloise-faugeres.com\\\/reserver\\\/#primaryimage\",\"url\":\"https:\\\/\\\/loustaloise-faugeres.com\\\/wp-content\\\/uploads\\\/2025\\\/11\\\/paiement_acceptes.jpg.webp\",\"contentUrl\":\"https:\\\/\\\/loustaloise-faugeres.com\\\/wp-content\\\/uploads\\\/2025\\\/11\\\/paiement_acceptes.jpg.webp\"},{\"@type\":\"BreadcrumbList\",\"@id\":\"https:\\\/\\\/loustaloise-faugeres.com\\\/reserver\\\/#breadcrumb\",\"itemListElement\":[{\"@type\":\"ListItem\",\"position\":1,\"name\":\"Accueil\",\"item\":\"https:\\\/\\\/loustaloise-faugeres.com\\\/\"},{\"@type\":\"ListItem\",\"position\":2,\"name\":\"R\u00e9server\"}]},{\"@type\":\"WebSite\",\"@id\":\"https:\\\/\\\/loustaloise-faugeres.com\\\/#website\",\"url\":\"https:\\\/\\\/loustaloise-faugeres.com\\\/\",\"name\":\"L'Oustaloise Chambres d'h\u00f4tes\\\/h\u00f4tel \u00e0 Faug\u00e8res pr\u00e8s de B\u00e9darieux et B\u00e9ziers\",\"description\":\"S\u00e9jour confort en Languedoc-Roussillon\",\"publisher\":{\"@id\":\"https:\\\/\\\/loustaloise-faugeres.com\\\/#organization\"},\"alternateName\":\"L'Oustaloise Location de vacances \u00e0 Faug\u00e8res\",\"potentialAction\":[{\"@type\":\"SearchAction\",\"target\":{\"@type\":\"EntryPoint\",\"urlTemplate\":\"https:\\\/\\\/loustaloise-faugeres.com\\\/?s={search_term_string}\"},\"query-input\":{\"@type\":\"PropertyValueSpecification\",\"valueRequired\":true,\"valueName\":\"search_term_string\"}}],\"inLanguage\":\"en-GB\"},{\"@type\":\"Organization\",\"@id\":\"https:\\\/\\\/loustaloise-faugeres.com\\\/#organization\",\"name\":\"L'Oustaloise Chambres d'h\u00f4tes\\\/h\u00f4tel pr\u00e8s de B\u00e9ziers et B\u00e9darieux\",\"alternateName\":\"L'Oustaloise Chambres d'h\u00f4tes\\\/h\u00f4tel \u00e0 Faug\u00e8res\",\"url\":\"https:\\\/\\\/loustaloise-faugeres.com\\\/\",\"logo\":{\"@type\":\"ImageObject\",\"inLanguage\":\"en-GB\",\"@id\":\"https:\\\/\\\/loustaloise-faugeres.com\\\/#\\\/schema\\\/logo\\\/image\\\/\",\"url\":\"https:\\\/\\\/loustaloise-faugeres.com\\\/wp-content\\\/uploads\\\/2025\\\/09\\\/LOGO_WEB.png\",\"contentUrl\":\"https:\\\/\\\/loustaloise-faugeres.com\\\/wp-content\\\/uploads\\\/2025\\\/09\\\/LOGO_WEB.png\",\"width\":1523,\"height\":842,\"caption\":\"L'Oustaloise Chambres d'h\u00f4tes\\\/h\u00f4tel pr\u00e8s de B\u00e9ziers et B\u00e9darieux\"},\"image\":{\"@id\":\"https:\\\/\\\/loustaloise-faugeres.com\\\/#\\\/schema\\\/logo\\\/image\\\/\"},\"sameAs\":[\"https:\\\/\\\/www.facebook.com\\\/profile.php?id=100088112696177\",\"https:\\\/\\\/www.instagram.com\\\/l.oustaloise\\\/\"]}]}<\/script>\n<!-- \/ Yoast SEO plugin. -->","yoast_head_json":{"title":"R\u00e9server | L&#039;Oustaloise Chambres et table d&#039;h\u00f4tes \u00e0 Faug\u00e8res","robots":{"index":"index","follow":"follow","max-snippet":"max-snippet:-1","max-image-preview":"max-image-preview:large","max-video-preview":"max-video-preview:-1"},"canonical":"https:\/\/loustaloise-faugeres.com\/en\/reserver\/","og_locale":"en_GB","og_type":"article","og_title":"R\u00e9server | L&#039;Oustaloise Chambres et table d&#039;h\u00f4tes \u00e0 Faug\u00e8res","og_description":"R\u00e9servez votre s\u00e9jour \u00e0 L\u2019Oustaloise \u00a0 Vous ne trouvez pas les dates souhait\u00e9es ? Appelez-nous directement , on aura peut-\u00eatre la solution ! \u00a0 Profitez d\u2019une r\u00e9duction de 10 % \u00e0 partir de 4 nuits cons\u00e9cutives, hors repas. Le meilleur tarif se trouve sur notre Site Internet ! \u00a0 Conditions de r\u00e8glement : La r\u00e9servation devient effective d\u00e8s lors que le client aura fait parvenir au propri\u00e9taire un acompte de 50 % du montant total du prix du s\u00e9jour avec un minimum d\u2019une nuit\u00e9e par chambre retenue. Les prix s\u2019entendent taxe de s\u00e9jour et petit-d\u00e9jeuner inclus.Les paiements s&rsquo;effectuent \u00e0 la r\u00e9servation. \u00a0 Conditions d&rsquo;annulation : voir nos conditions g\u00e9n\u00e9rales Les chambres","og_url":"https:\/\/loustaloise-faugeres.com\/en\/reserver\/","og_site_name":"L&#039;Oustaloise Chambres et table d&#039;h\u00f4tes \u00e0 Faug\u00e8res","article_publisher":"https:\/\/www.facebook.com\/profile.php?id=100088112696177","article_modified_time":"2026-03-29T20:05:28+00:00","og_image":[{"width":335,"height":54,"url":"https:\/\/loustaloise-faugeres.com\/wp-content\/uploads\/2025\/11\/paiement_acceptes.jpg.webp","type":"image\/webp"}],"schema":{"@context":"https:\/\/schema.org","@graph":[{"@type":"WebPage","@id":"https:\/\/loustaloise-faugeres.com\/reserver\/","url":"https:\/\/loustaloise-faugeres.com\/reserver\/","name":"R\u00e9server | L&#039;Oustaloise Chambres et table d&#039;h\u00f4tes \u00e0 Faug\u00e8res","isPartOf":{"@id":"https:\/\/loustaloise-faugeres.com\/#website"},"primaryImageOfPage":{"@id":"https:\/\/loustaloise-faugeres.com\/reserver\/#primaryimage"},"image":{"@id":"https:\/\/loustaloise-faugeres.com\/reserver\/#primaryimage"},"thumbnailUrl":"https:\/\/loustaloise-faugeres.com\/wp-content\/uploads\/2025\/11\/paiement_acceptes.jpg.webp","datePublished":"2023-10-23T09:06:34+00:00","dateModified":"2026-03-29T20:05:28+00:00","breadcrumb":{"@id":"https:\/\/loustaloise-faugeres.com\/reserver\/#breadcrumb"},"inLanguage":"en-GB","potentialAction":[{"@type":"ReadAction","target":["https:\/\/loustaloise-faugeres.com\/reserver\/"]}]},{"@type":"ImageObject","inLanguage":"en-GB","@id":"https:\/\/loustaloise-faugeres.com\/reserver\/#primaryimage","url":"https:\/\/loustaloise-faugeres.com\/wp-content\/uploads\/2025\/11\/paiement_acceptes.jpg.webp","contentUrl":"https:\/\/loustaloise-faugeres.com\/wp-content\/uploads\/2025\/11\/paiement_acceptes.jpg.webp"},{"@type":"BreadcrumbList","@id":"https:\/\/loustaloise-faugeres.com\/reserver\/#breadcrumb","itemListElement":[{"@type":"ListItem","position":1,"name":"Accueil","item":"https:\/\/loustaloise-faugeres.com\/"},{"@type":"ListItem","position":2,"name":"R\u00e9server"}]},{"@type":"WebSite","@id":"https:\/\/loustaloise-faugeres.com\/#website","url":"https:\/\/loustaloise-faugeres.com\/","name":"L'Oustaloise Chambres d'h\u00f4tes\/h\u00f4tel \u00e0 Faug\u00e8res pr\u00e8s de B\u00e9darieux et B\u00e9ziers","description":"S\u00e9jour confort en Languedoc-Roussillon","publisher":{"@id":"https:\/\/loustaloise-faugeres.com\/#organization"},"alternateName":"L'Oustaloise Location de vacances \u00e0 Faug\u00e8res","potentialAction":[{"@type":"SearchAction","target":{"@type":"EntryPoint","urlTemplate":"https:\/\/loustaloise-faugeres.com\/?s={search_term_string}"},"query-input":{"@type":"PropertyValueSpecification","valueRequired":true,"valueName":"search_term_string"}}],"inLanguage":"en-GB"},{"@type":"Organization","@id":"https:\/\/loustaloise-faugeres.com\/#organization","name":"L'Oustaloise Chambres d'h\u00f4tes\/h\u00f4tel pr\u00e8s de B\u00e9ziers et B\u00e9darieux","alternateName":"L'Oustaloise Chambres d'h\u00f4tes\/h\u00f4tel \u00e0 Faug\u00e8res","url":"https:\/\/loustaloise-faugeres.com\/","logo":{"@type":"ImageObject","inLanguage":"en-GB","@id":"https:\/\/loustaloise-faugeres.com\/#\/schema\/logo\/image\/","url":"https:\/\/loustaloise-faugeres.com\/wp-content\/uploads\/2025\/09\/LOGO_WEB.png","contentUrl":"https:\/\/loustaloise-faugeres.com\/wp-content\/uploads\/2025\/09\/LOGO_WEB.png","width":1523,"height":842,"caption":"L'Oustaloise Chambres d'h\u00f4tes\/h\u00f4tel pr\u00e8s de B\u00e9ziers et B\u00e9darieux"},"image":{"@id":"https:\/\/loustaloise-faugeres.com\/#\/schema\/logo\/image\/"},"sameAs":["https:\/\/www.facebook.com\/profile.php?id=100088112696177","https:\/\/www.instagram.com\/l.oustaloise\/"]}]}},"_links":{"self":[{"href":"https:\/\/loustaloise-faugeres.com\/en\/wp-json\/wp\/v2\/pages\/10520","targetHints":{"allow":["GET"]}}],"collection":[{"href":"https:\/\/loustaloise-faugeres.com\/en\/wp-json\/wp\/v2\/pages"}],"about":[{"href":"https:\/\/loustaloise-faugeres.com\/en\/wp-json\/wp\/v2\/types\/page"}],"author":[{"embeddable":true,"href":"https:\/\/loustaloise-faugeres.com\/en\/wp-json\/wp\/v2\/users\/1"}],"replies":[{"embeddable":true,"href":"https:\/\/loustaloise-faugeres.com\/en\/wp-json\/wp\/v2\/comments?post=10520"}],"version-history":[{"count":218,"href":"https:\/\/loustaloise-faugeres.com\/en\/wp-json\/wp\/v2\/pages\/10520\/revisions"}],"predecessor-version":[{"id":14070,"href":"https:\/\/loustaloise-faugeres.com\/en\/wp-json\/wp\/v2\/pages\/10520\/revisions\/14070"}],"wp:attachment":[{"href":"https:\/\/loustaloise-faugeres.com\/en\/wp-json\/wp\/v2\/media?parent=10520"}],"curies":[{"name":"wp","href":"https:\/\/api.w.org\/{rel}","templated":true}]}}